{"id":662,"date":"2000-04-03T00:00:00","date_gmt":"2000-04-03T00:00:00","guid":{"rendered":"https:\/\/miners.rocks\/product\/147\/"},"modified":"2020-05-19T16:55:54","modified_gmt":"2020-05-19T16:55:54","slug":"wulfenit-xx-de-la-localite-type","status":"publish","type":"product","link":"https:\/\/westgem.shop\/fr\/produit\/wulfenit-xx-de-la-localite-type\/","title":{"rendered":"WULFENIT xx de la localit\u00e9 type"},"content":{"rendered":"<p>En g\u00e9n\u00e9ral, les <u>Wulfenite de Bleiberg<\/u>M\u00eame les grands magasins sp\u00e9cialis\u00e9s n'en disposent pas. Nous-m\u00eames n'avons pas eu de pi\u00e8ce en vente pendant des ann\u00e9es.  Les collectionneurs, en particulier de l'\u00e9tranger, qui cherchaient le min\u00e9ral le plus c\u00e9l\u00e8bre d'Autriche, nous devions les envoyer directement \u00e0 Bleiberg, o\u00f9 quelques vendeurs priv\u00e9s vendent encore des pi\u00e8ces. Seulement, des niveaux comparables - on ne les trouve pas \u00e0 moins de 1.000,- euros !<\/p>\n<p>Nous avons pu acqu\u00e9rir, gr\u00e2ce \u00e0 la succession d'un ing\u00e9nieur des mines, plusieurs marches WULFENIT de l'ancienne mine, dont quelques-unes sont encore \u00e0 vendre.           <\/p>\n<p>Profitez de l'occasion et vous ne trouverez probablement plus de Bleiberger WULFENITE ailleurs !<\/p>\n<p>WULFENIT a \u00e9t\u00e9 d\u00e9crit pour la premi\u00e8re fois par le naturaliste Baron Freiher von WULFEN en 1783 sous le nom de BLEYSPAT de Carinthie - plus tard, le min\u00e9ral a \u00e9t\u00e9 nomm\u00e9 d'apr\u00e8s WULFEN.<\/p>\n<p><u>BLEIBERG est la TYPLOCALIT\u00c9<\/u> De plus, l'extraction a cess\u00e9 depuis 20 ans et il n'est donc plus possible de faire de nouvelles d\u00e9couvertes.<\/p>\n<p>Cet \u00e9tage de WULFENIT relativement grand avec de tr\u00e8s beaux XX jaunes provient de la<\/p>\n<p><u>Mine Stefanie - BLEIBERG \/ KREUTH<\/u><\/p>\n<p>Poids de la marche : 906 grammes (0,90 kg)<\/p>\n<p>Dimmension : <u>21 x 9 x 7 cm<\/u><\/p>","protected":false},"excerpt":{"rendered":"<p>Normalement, les tulipes de Bleiberg ne sont pratiquement pas disponibles, m\u00eame pour les grands magasins sp\u00e9cialis\u00e9s. Nous-m\u00eames n'en avons pas propos\u00e9 pendant des ann\u00e9es. Les collectionneurs, en particulier de l'\u00e9tranger, qui cherchaient le min\u00e9ral le plus c\u00e9l\u00e8bre d'Autriche, nous avons d\u00fb les envoyer directement \u00e0 Bleiberg, o\u00f9 quelques vendeurs priv\u00e9s vendent encore des pi\u00e8ces. Seulement, des niveaux comparables - on ne les trouve pas \u00e0 moins de 1.000,-- euros !<\/p>","protected":false},"featured_media":663,"template":"","meta":{"_acf_changed":false},"region":[],"product_brand":[],"product_cat":[15],"product_tag":[],"class_list":{"0":"post-662","1":"product","2":"type-product","3":"status-publish","4":"has-post-thumbnail","6":"product_cat-mineralien","8":"first","9":"outofstock","10":"sold-individually","11":"product-type-simple"},"acf":[],"_links":{"self":[{"href":"https:\/\/westgem.shop\/fr\/wp-json\/wp\/v2\/product\/662","targetHints":{"allow":["GET"]}}],"collection":[{"href":"https:\/\/westgem.shop\/fr\/wp-json\/wp\/v2\/product"}],"about":[{"href":"https:\/\/westgem.shop\/fr\/wp-json\/wp\/v2\/types\/product"}],"wp:featuredmedia":[{"embeddable":true,"href":"https:\/\/westgem.shop\/fr\/wp-json\/wp\/v2\/media\/663"}],"wp:attachment":[{"href":"https:\/\/westgem.shop\/fr\/wp-json\/wp\/v2\/media?parent=662"}],"wp:term":[{"taxonomy":"region","embeddable":true,"href":"https:\/\/westgem.shop\/fr\/wp-json\/wp\/v2\/region?post=662"},{"taxonomy":"product_brand","embeddable":true,"href":"https:\/\/westgem.shop\/fr\/wp-json\/wp\/v2\/product_brand?post=662"},{"taxonomy":"product_cat","embeddable":true,"href":"https:\/\/westgem.shop\/fr\/wp-json\/wp\/v2\/product_cat?post=662"},{"taxonomy":"product_tag","embeddable":true,"href":"https:\/\/westgem.shop\/fr\/wp-json\/wp\/v2\/product_tag?post=662"}],"curies":[{"name":"wp","href":"https:\/\/api.w.org\/{rel}","templated":true}]}}