{"id":6621,"date":"2003-04-22T00:00:00","date_gmt":"2003-04-22T00:00:00","guid":{"rendered":"https:\/\/miners.rocks\/product\/tigereisen-5\/"},"modified":"2021-09-05T15:27:52","modified_gmt":"2021-09-05T15:27:52","slug":"voyage-en-tigre-5","status":"publish","type":"product","link":"https:\/\/westgem.shop\/fr\/produit\/voyage-en-tigre-5\/","title":{"rendered":"Fer Tigre"},"content":{"rendered":"<p>\n\tPi\u00e8ce brute exceptionnelle. Fer de tigre.<\/p>\n<p>\n\tJaspe brun massif travers\u00e9 par un minerai de magn\u00e9tite ruban\u00e9 noir profond et, en haut de la \"couronne\", une veine d'\u0153il de tigre brillant et dor\u00e9.<\/p>\n<p>\n\tLe fer magn\u00e9tite\/H\u00c4MATIT s'est \u00e9chapp\u00e9 de volcans sous-marins il y a plus de 2 milliards d'ann\u00e9es.<\/p>\n<p>\n\tMine de fer de Bandet - Transvaal - Afrique du Sud<\/p>\n<p>\n\tDimensions : 14 x 10 x 8 cm Poids : 1,4 kilogramme<\/p>\n<p>\n\tLa derni\u00e8re image montre l'arri\u00e8re.<\/p>","protected":false},"excerpt":{"rendered":"<p>Pi\u00e8ce brute exceptionnelle. Fer de tigre. Jaspe brun massif travers\u00e9 par un minerai de magn\u00e9tite en ruban d'un noir profond et, en haut, dans la \"couronne\", une veine d'\u0153il de tigre brillant et dor\u00e9 Le fer de magn\u00e9tite\/h\u00e9matite s'est \u00e9chapp\u00e9 de volcans sous-marins il y a plus de 2 milliards d'ann\u00e9es. Bandet Iron Mine - Transvaal - Afrique du Sud Dimensions : 14 x 10 x 8 cm Poids : 1,4 kilogrammes La derni\u00e8re [...]<\/p>","protected":false},"featured_media":6622,"template":"","meta":{"_acf_changed":false},"region":[],"product_brand":[],"product_cat":[19],"product_tag":[],"class_list":{"0":"post-6621","1":"product","2":"type-product","3":"status-publish","4":"has-post-thumbnail","6":"product_cat-kristallstufen","8":"first","9":"outofstock","10":"sold-individually","11":"product-type-simple"},"acf":[],"_links":{"self":[{"href":"https:\/\/westgem.shop\/fr\/wp-json\/wp\/v2\/product\/6621","targetHints":{"allow":["GET"]}}],"collection":[{"href":"https:\/\/westgem.shop\/fr\/wp-json\/wp\/v2\/product"}],"about":[{"href":"https:\/\/westgem.shop\/fr\/wp-json\/wp\/v2\/types\/product"}],"wp:featuredmedia":[{"embeddable":true,"href":"https:\/\/westgem.shop\/fr\/wp-json\/wp\/v2\/media\/6622"}],"wp:attachment":[{"href":"https:\/\/westgem.shop\/fr\/wp-json\/wp\/v2\/media?parent=6621"}],"wp:term":[{"taxonomy":"region","embeddable":true,"href":"https:\/\/westgem.shop\/fr\/wp-json\/wp\/v2\/region?post=6621"},{"taxonomy":"product_brand","embeddable":true,"href":"https:\/\/westgem.shop\/fr\/wp-json\/wp\/v2\/product_brand?post=6621"},{"taxonomy":"product_cat","embeddable":true,"href":"https:\/\/westgem.shop\/fr\/wp-json\/wp\/v2\/product_cat?post=6621"},{"taxonomy":"product_tag","embeddable":true,"href":"https:\/\/westgem.shop\/fr\/wp-json\/wp\/v2\/product_tag?post=6621"}],"curies":[{"name":"wp","href":"https:\/\/api.w.org\/{rel}","templated":true}]}}