{"id":6625,"date":"2003-04-23T00:00:00","date_gmt":"2003-04-23T00:00:00","guid":{"rendered":"https:\/\/miners.rocks\/product\/pyritxx-in-haematitglimmer\/"},"modified":"2021-09-07T13:41:53","modified_gmt":"2021-09-07T13:41:53","slug":"pyritxx-dans-le-mica-hematite","status":"publish","type":"product","link":"https:\/\/westgem.shop\/fr\/produit\/pyritxx-dans-le-mica-hematite\/","title":{"rendered":"PYRITxx dans H\u00c4MATITGLIMMER"},"content":{"rendered":"<p>\n\tPYRITE d'or brillant en H\u00c9MATITE et LUMI\u00c8RE d'H\u00c9MATITE d'un noir profond avec du quartz blanc.<\/p>\n<p>\n\tExploitation mini\u00e8re Waldenstein - Koralpe - Carinthie orientale<\/p>\n<p>\n\tDimensions : 13 x 9 x 7 cm Poids : 770 g<\/p>","protected":false},"excerpt":{"rendered":"<p>PYRITE d'or brillant en H\u00c9MATITE et LUMI\u00c8RE d'H\u00c9MATITE d'un noir profond avec du quartz blanc. Mine Waldenstein - Koralpe - Carinthie orientale Dimensions : 13 x 9 x 7 cm Poids : 770 g<\/p>","protected":false},"featured_media":6626,"template":"","meta":{"_acf_changed":false},"region":[58],"product_brand":[],"product_cat":[19],"product_tag":[],"class_list":{"0":"post-6625","1":"product","2":"type-product","3":"status-publish","4":"has-post-thumbnail","6":"region-europa","7":"product_cat-kristallstufen","9":"first","10":"outofstock","11":"sold-individually","12":"product-type-simple"},"acf":[],"_links":{"self":[{"href":"https:\/\/westgem.shop\/fr\/wp-json\/wp\/v2\/product\/6625","targetHints":{"allow":["GET"]}}],"collection":[{"href":"https:\/\/westgem.shop\/fr\/wp-json\/wp\/v2\/product"}],"about":[{"href":"https:\/\/westgem.shop\/fr\/wp-json\/wp\/v2\/types\/product"}],"wp:featuredmedia":[{"embeddable":true,"href":"https:\/\/westgem.shop\/fr\/wp-json\/wp\/v2\/media\/6626"}],"wp:attachment":[{"href":"https:\/\/westgem.shop\/fr\/wp-json\/wp\/v2\/media?parent=6625"}],"wp:term":[{"taxonomy":"region","embeddable":true,"href":"https:\/\/westgem.shop\/fr\/wp-json\/wp\/v2\/region?post=6625"},{"taxonomy":"product_brand","embeddable":true,"href":"https:\/\/westgem.shop\/fr\/wp-json\/wp\/v2\/product_brand?post=6625"},{"taxonomy":"product_cat","embeddable":true,"href":"https:\/\/westgem.shop\/fr\/wp-json\/wp\/v2\/product_cat?post=6625"},{"taxonomy":"product_tag","embeddable":true,"href":"https:\/\/westgem.shop\/fr\/wp-json\/wp\/v2\/product_tag?post=6625"}],"curies":[{"name":"wp","href":"https:\/\/api.w.org\/{rel}","templated":true}]}}