{"id":6629,"date":"2003-04-24T00:00:00","date_gmt":"2003-04-24T00:00:00","guid":{"rendered":"https:\/\/miners.rocks\/product\/falkenauge-2\/"},"modified":"2021-09-05T15:27:52","modified_gmt":"2021-09-05T15:27:52","slug":"oeil-de-faucon-2","status":"publish","type":"product","link":"https:\/\/westgem.shop\/fr\/produit\/oeil-de-faucon-2\/","title":{"rendered":"\u0152il de faucon"},"content":{"rendered":"<p>\n\t\u0152il de faucon gris-bleu avec du quartz blanc et de l'\u0153il de tigre dor\u00e9.<\/p>\n<p>\n\tPi\u00e8ce brute de la mine de fer Bandet - Griqualand - Afrique du Sud<\/p>\n<p>\n\tDimensions : 10 x 9 x 7 cm Poids : 770 g<\/p>\n<p>\n\tPhotographi\u00e9 humide<\/p>","protected":false},"excerpt":{"rendered":"<p>Oeil de faucon gris-bleu avec du quartz blanc et de l'\u0153il de tigre dor\u00e9. Pi\u00e8ce brute de la mine de fer Bandet - Griqualand - Afrique du Sud Dimensions : 10 x 9 x 7 cm Poids : 770 g Photographi\u00e9 humide<\/p>","protected":false},"featured_media":6630,"template":"","meta":{"_acf_changed":false},"region":[],"product_brand":[],"product_cat":[16],"product_tag":[],"class_list":{"0":"post-6629","1":"product","2":"type-product","3":"status-publish","4":"has-post-thumbnail","6":"product_cat-rohsteine","8":"first","9":"outofstock","10":"sold-individually","11":"product-type-simple"},"acf":[],"_links":{"self":[{"href":"https:\/\/westgem.shop\/fr\/wp-json\/wp\/v2\/product\/6629","targetHints":{"allow":["GET"]}}],"collection":[{"href":"https:\/\/westgem.shop\/fr\/wp-json\/wp\/v2\/product"}],"about":[{"href":"https:\/\/westgem.shop\/fr\/wp-json\/wp\/v2\/types\/product"}],"wp:featuredmedia":[{"embeddable":true,"href":"https:\/\/westgem.shop\/fr\/wp-json\/wp\/v2\/media\/6630"}],"wp:attachment":[{"href":"https:\/\/westgem.shop\/fr\/wp-json\/wp\/v2\/media?parent=6629"}],"wp:term":[{"taxonomy":"region","embeddable":true,"href":"https:\/\/westgem.shop\/fr\/wp-json\/wp\/v2\/region?post=6629"},{"taxonomy":"product_brand","embeddable":true,"href":"https:\/\/westgem.shop\/fr\/wp-json\/wp\/v2\/product_brand?post=6629"},{"taxonomy":"product_cat","embeddable":true,"href":"https:\/\/westgem.shop\/fr\/wp-json\/wp\/v2\/product_cat?post=6629"},{"taxonomy":"product_tag","embeddable":true,"href":"https:\/\/westgem.shop\/fr\/wp-json\/wp\/v2\/product_tag?post=6629"}],"curies":[{"name":"wp","href":"https:\/\/api.w.org\/{rel}","templated":true}]}}