{"id":6633,"date":"2003-04-25T00:00:00","date_gmt":"2003-04-25T00:00:00","guid":{"rendered":"https:\/\/miners.rocks\/product\/unakit-rohstein-2\/"},"modified":"2021-09-05T15:28:00","modified_gmt":"2021-09-05T15:28:00","slug":"pierre-brute-unakit-2","status":"publish","type":"product","link":"https:\/\/westgem.shop\/fr\/produit\/pierre-brute-unakit-2\/","title":{"rendered":"UNAKIT Pierre brute"},"content":{"rendered":"<p>\n\tL'UNAKIT est un m\u00e9lange min\u00e9ral compos\u00e9 de ROCHES EPIDOTH\u00c8QUES vertes, de SPATE DE CHAMP rouge et de quartz en proportions variables.<\/p>\n<p>\n\tLe nom vient de la premi\u00e8re localisation dans les montagnes Unakas en Caroline du Nord - USA<\/p>\n<p>\n\tCette pi\u00e8ce provient de sites d'AFRIQUE DU SUD<\/p>\n<p>\n\tDimensions : 12 x 10 x 5 cm Poids : 700 g<\/p>\n<p>\n\tPhotographi\u00e9 humide<\/p>","protected":false},"excerpt":{"rendered":"<p>L'UNAKIT est un m\u00e9lange de min\u00e9raux compos\u00e9 d'EPIDOTH\u00c8QUE verte, de SPATE FONDAL rouge et de quartz en proportions variables. Le nom vient du premier site de d\u00e9couverte dans les montagnes Unakas en Caroline du Nord - USA Cette pi\u00e8ce provient de sites d'AFRIQUE DU SUD Dimensions : 12 x 10 x 5 cm Poids : 700 g Photographi\u00e9 humide<\/p>","protected":false},"featured_media":6634,"template":"","meta":{"_acf_changed":false},"region":[],"product_brand":[],"product_cat":[16],"product_tag":[],"class_list":{"0":"post-6633","1":"product","2":"type-product","3":"status-publish","4":"has-post-thumbnail","6":"product_cat-rohsteine","8":"first","9":"outofstock","10":"sold-individually","11":"product-type-simple"},"acf":[],"_links":{"self":[{"href":"https:\/\/westgem.shop\/fr\/wp-json\/wp\/v2\/product\/6633","targetHints":{"allow":["GET"]}}],"collection":[{"href":"https:\/\/westgem.shop\/fr\/wp-json\/wp\/v2\/product"}],"about":[{"href":"https:\/\/westgem.shop\/fr\/wp-json\/wp\/v2\/types\/product"}],"wp:featuredmedia":[{"embeddable":true,"href":"https:\/\/westgem.shop\/fr\/wp-json\/wp\/v2\/media\/6634"}],"wp:attachment":[{"href":"https:\/\/westgem.shop\/fr\/wp-json\/wp\/v2\/media?parent=6633"}],"wp:term":[{"taxonomy":"region","embeddable":true,"href":"https:\/\/westgem.shop\/fr\/wp-json\/wp\/v2\/region?post=6633"},{"taxonomy":"product_brand","embeddable":true,"href":"https:\/\/westgem.shop\/fr\/wp-json\/wp\/v2\/product_brand?post=6633"},{"taxonomy":"product_cat","embeddable":true,"href":"https:\/\/westgem.shop\/fr\/wp-json\/wp\/v2\/product_cat?post=6633"},{"taxonomy":"product_tag","embeddable":true,"href":"https:\/\/westgem.shop\/fr\/wp-json\/wp\/v2\/product_tag?post=6633"}],"curies":[{"name":"wp","href":"https:\/\/api.w.org\/{rel}","templated":true}]}}