{"id":6641,"date":"2003-04-27T00:00:00","date_gmt":"2003-04-27T00:00:00","guid":{"rendered":"https:\/\/miners.rocks\/product\/orange-river-jaspis-5\/"},"modified":"2021-09-05T15:28:02","modified_gmt":"2021-09-05T15:28:02","slug":"orange-river-jaspis-5","status":"publish","type":"product","link":"https:\/\/westgem.shop\/fr\/produit\/orange-river-jaspis-5\/","title":{"rendered":"Jaspe de la rivi\u00e8re Orange"},"content":{"rendered":"<p>\n\tPIERRE BRUTE int\u00e9ressante, aux couleurs intenses.<\/p>\n<p>\n\t<strongJASPILIT w\u00e4re eigentlich die richtige Bezeichnung f\u00fcr diese Jaspis Variet\u00e4t<\/p>\n<p>\n\t<strongGeb\u00e4nderter - Lagen Fe-Hornstein mit H\u00e4matit, feink\u00f6rnigen Quarz, Chalcedon - Jaspis und untergeordnet Siderit<\/p>\n<p>\n\t<strongAlter: 2,3 - 2,5 MILLIARDEN Jahre<\/p>\n<p>\n\tLieu de d\u00e9couverte : R\u00e9gion du Cap Nord - Afrique du Sud<\/p>\n<p>\n\tDimensions : 12 x 8 x 6 cm Poids : 780 g<\/p>\n<p>\n\tPhotographi\u00e9 humide<\/p>","protected":false},"excerpt":{"rendered":"<p>PIERRE BRUTE int\u00e9ressante, aux couleurs intenses.<\/p>","protected":false},"featured_media":6642,"template":"","meta":{"_acf_changed":false},"region":[],"product_brand":[],"product_cat":[16],"product_tag":[],"class_list":{"0":"post-6641","1":"product","2":"type-product","3":"status-publish","4":"has-post-thumbnail","6":"product_cat-rohsteine","8":"first","9":"outofstock","10":"sold-individually","11":"product-type-simple"},"acf":[],"_links":{"self":[{"href":"https:\/\/westgem.shop\/fr\/wp-json\/wp\/v2\/product\/6641","targetHints":{"allow":["GET"]}}],"collection":[{"href":"https:\/\/westgem.shop\/fr\/wp-json\/wp\/v2\/product"}],"about":[{"href":"https:\/\/westgem.shop\/fr\/wp-json\/wp\/v2\/types\/product"}],"wp:featuredmedia":[{"embeddable":true,"href":"https:\/\/westgem.shop\/fr\/wp-json\/wp\/v2\/media\/6642"}],"wp:attachment":[{"href":"https:\/\/westgem.shop\/fr\/wp-json\/wp\/v2\/media?parent=6641"}],"wp:term":[{"taxonomy":"region","embeddable":true,"href":"https:\/\/westgem.shop\/fr\/wp-json\/wp\/v2\/region?post=6641"},{"taxonomy":"product_brand","embeddable":true,"href":"https:\/\/westgem.shop\/fr\/wp-json\/wp\/v2\/product_brand?post=6641"},{"taxonomy":"product_cat","embeddable":true,"href":"https:\/\/westgem.shop\/fr\/wp-json\/wp\/v2\/product_cat?post=6641"},{"taxonomy":"product_tag","embeddable":true,"href":"https:\/\/westgem.shop\/fr\/wp-json\/wp\/v2\/product_tag?post=6641"}],"curies":[{"name":"wp","href":"https:\/\/api.w.org\/{rel}","templated":true}]}}