{"id":6645,"date":"2003-04-28T00:00:00","date_gmt":"2003-04-28T00:00:00","guid":{"rendered":"https:\/\/miners.rocks\/product\/pyrit-xx-waldenstein\/"},"modified":"2021-09-07T13:42:06","modified_gmt":"2021-09-07T13:42:06","slug":"pyrite-xx-waldenstein","status":"publish","type":"product","link":"https:\/\/westgem.shop\/fr\/produit\/pyrite-xx-waldenstein\/","title":{"rendered":"PYRIT xx Waldenstein"},"content":{"rendered":"<p>\n\tAncienne pi\u00e8ce de Waldenstein - Koralpe - Carinthie.<\/p>\n<\/p>\n<p>\n\tPYRITE dor\u00e9e dans de l'HEMATITE GLIMMER noire brillante et du quartz blanc.<\/p>\n<\/p>\n<p>\n\tDimensions : 14 x 11 x 7 cm Poids : 760 g<\/p><\/p>","protected":false},"excerpt":{"rendered":"<p>Pi\u00e8ce ancienne de Waldenstein - Koralpe - Carinthie. PYRITE dor\u00e9e dans un noir profond brillant H\u00c9MATITE LUMINEUSE et quartz blanc Dimensions : 14 x 11 x 7 cm Poids : 760 g<\/p>","protected":false},"featured_media":6646,"template":"","meta":{"_acf_changed":false},"region":[59],"product_brand":[],"product_cat":[19],"product_tag":[],"class_list":{"0":"post-6645","1":"product","2":"type-product","3":"status-publish","4":"has-post-thumbnail","6":"region-oesterreich","7":"product_cat-kristallstufen","9":"first","10":"outofstock","11":"sold-individually","12":"product-type-simple"},"acf":[],"_links":{"self":[{"href":"https:\/\/westgem.shop\/fr\/wp-json\/wp\/v2\/product\/6645","targetHints":{"allow":["GET"]}}],"collection":[{"href":"https:\/\/westgem.shop\/fr\/wp-json\/wp\/v2\/product"}],"about":[{"href":"https:\/\/westgem.shop\/fr\/wp-json\/wp\/v2\/types\/product"}],"wp:featuredmedia":[{"embeddable":true,"href":"https:\/\/westgem.shop\/fr\/wp-json\/wp\/v2\/media\/6646"}],"wp:attachment":[{"href":"https:\/\/westgem.shop\/fr\/wp-json\/wp\/v2\/media?parent=6645"}],"wp:term":[{"taxonomy":"region","embeddable":true,"href":"https:\/\/westgem.shop\/fr\/wp-json\/wp\/v2\/region?post=6645"},{"taxonomy":"product_brand","embeddable":true,"href":"https:\/\/westgem.shop\/fr\/wp-json\/wp\/v2\/product_brand?post=6645"},{"taxonomy":"product_cat","embeddable":true,"href":"https:\/\/westgem.shop\/fr\/wp-json\/wp\/v2\/product_cat?post=6645"},{"taxonomy":"product_tag","embeddable":true,"href":"https:\/\/westgem.shop\/fr\/wp-json\/wp\/v2\/product_tag?post=6645"}],"curies":[{"name":"wp","href":"https:\/\/api.w.org\/{rel}","templated":true}]}}