{"id":6651,"date":"2003-04-30T00:00:00","date_gmt":"2003-04-30T00:00:00","guid":{"rendered":"https:\/\/miners.rocks\/product\/dravit-xx-typlokalitaet-3\/"},"modified":"2021-09-07T13:42:07","modified_gmt":"2021-09-07T13:42:07","slug":"dravit-xx-localite-type-3","status":"publish","type":"product","link":"https:\/\/westgem.shop\/fr\/produit\/dravit-xx-localite-type-3\/","title":{"rendered":"DRAVIT xx Localit\u00e9 type"},"content":{"rendered":"<p>\n\tDRAVIT xx - Magn\u00e9sium TURMALIN<\/p>\n<\/p>\n<p>\n\tUne des derni\u00e8res pi\u00e8ces disponibles<u> de la localit\u00e9 type<\/u><\/p>\n<\/p>\n<p>\n\tLe SITE DE TYPE se trouve \u00e0 l'extr\u00eame sud-est de la Carinthie. Aucune nouvelle d\u00e9couverte depuis 50 ans. D\u00e9crit pour la premi\u00e8re fois par le professeur Tschermak en 1883. Nom d'apr\u00e8s la rivi\u00e8re voisine DRAU - en slov\u00e8ne DRAVE.<\/p>\n<\/p>\n<p>\n\tBelle xx sur MUSCOVIT GLIMMER argent\u00e9 brillant.<\/p>\n<p>\n\t2. photo montre les marches du bas<\/p>\n<p>\n\tDimensions : 12 x 5 x 4 cm Poids : 294 g<\/p>","protected":false},"excerpt":{"rendered":"<p>DRAVIT xx - Magnesium TURMALIN Une des derni\u00e8res pi\u00e8ces disponibles de la localit\u00e9 type Le LIEU DE TRAVITION se trouve \u00e0 l'extr\u00eame sud-est de la Carinthie. Aucune nouvelle d\u00e9couverte depuis 50 ans. D\u00e9crit pour la premi\u00e8re fois par le professeur Tschermak en 1883. Nom d'apr\u00e8s la rivi\u00e8re voisine DRAU - en slov\u00e8ne DRAVE. Belle xx sur MUSCOVIT GLIMMER argent\u00e9 brillant. 2. photo montre les marches [...]<\/p>","protected":false},"featured_media":6652,"template":"","meta":{"_acf_changed":false},"region":[59],"product_brand":[],"product_cat":[19],"product_tag":[],"class_list":{"0":"post-6651","1":"product","2":"type-product","3":"status-publish","4":"has-post-thumbnail","6":"region-oesterreich","7":"product_cat-kristallstufen","9":"first","10":"outofstock","11":"sold-individually","12":"product-type-simple"},"acf":[],"_links":{"self":[{"href":"https:\/\/westgem.shop\/fr\/wp-json\/wp\/v2\/product\/6651","targetHints":{"allow":["GET"]}}],"collection":[{"href":"https:\/\/westgem.shop\/fr\/wp-json\/wp\/v2\/product"}],"about":[{"href":"https:\/\/westgem.shop\/fr\/wp-json\/wp\/v2\/types\/product"}],"wp:featuredmedia":[{"embeddable":true,"href":"https:\/\/westgem.shop\/fr\/wp-json\/wp\/v2\/media\/6652"}],"wp:attachment":[{"href":"https:\/\/westgem.shop\/fr\/wp-json\/wp\/v2\/media?parent=6651"}],"wp:term":[{"taxonomy":"region","embeddable":true,"href":"https:\/\/westgem.shop\/fr\/wp-json\/wp\/v2\/region?post=6651"},{"taxonomy":"product_brand","embeddable":true,"href":"https:\/\/westgem.shop\/fr\/wp-json\/wp\/v2\/product_brand?post=6651"},{"taxonomy":"product_cat","embeddable":true,"href":"https:\/\/westgem.shop\/fr\/wp-json\/wp\/v2\/product_cat?post=6651"},{"taxonomy":"product_tag","embeddable":true,"href":"https:\/\/westgem.shop\/fr\/wp-json\/wp\/v2\/product_tag?post=6651"}],"curies":[{"name":"wp","href":"https:\/\/api.w.org\/{rel}","templated":true}]}}