{"id":6655,"date":"2003-05-01T00:00:00","date_gmt":"2003-05-01T00:00:00","guid":{"rendered":"https:\/\/miners.rocks\/product\/versteinertes-holz-arizona-7\/"},"modified":"2021-09-07T13:42:07","modified_gmt":"2021-09-07T13:42:07","slug":"bois-petrifie-arizona-7","status":"publish","type":"product","link":"https:\/\/westgem.shop\/fr\/produit\/bois-petrifie-arizona-7\/","title":{"rendered":"Bois p\u00e9trifi\u00e9 - ARIZONA"},"content":{"rendered":"<p>\n\tBois p\u00e9trifi\u00e9 d'auracarias - plus de 200 millions d'ann\u00e9es.<\/p>\n<p>\n\tTronc multicolore provenant du c\u00e9l\u00e8bre site de Holbrook - ARIZONA - USA<\/p>\n<\/p>\n<p>\n\tPoids : 788 g.   Dimensions : 11 x 10 x 9 cm<\/p>","protected":false},"excerpt":{"rendered":"<p>Bois p\u00e9trifi\u00e9 d'auracarien - plus de 200 millions d'ann\u00e9es. Tronc color\u00e9 provenant du c\u00e9l\u00e8bre site de Holbrook - ARIZONA - USA Poids : 788 g. Dimensions : 11 x 10 x 9 cm<\/p>","protected":false},"featured_media":6656,"template":"","meta":{"_acf_changed":false},"region":[61],"product_brand":[],"product_cat":[16],"product_tag":[],"class_list":{"0":"post-6655","1":"product","2":"type-product","3":"status-publish","4":"has-post-thumbnail","6":"region-nordamerika","7":"product_cat-rohsteine","9":"first","10":"outofstock","11":"sold-individually","12":"product-type-simple"},"acf":[],"_links":{"self":[{"href":"https:\/\/westgem.shop\/fr\/wp-json\/wp\/v2\/product\/6655","targetHints":{"allow":["GET"]}}],"collection":[{"href":"https:\/\/westgem.shop\/fr\/wp-json\/wp\/v2\/product"}],"about":[{"href":"https:\/\/westgem.shop\/fr\/wp-json\/wp\/v2\/types\/product"}],"wp:featuredmedia":[{"embeddable":true,"href":"https:\/\/westgem.shop\/fr\/wp-json\/wp\/v2\/media\/6656"}],"wp:attachment":[{"href":"https:\/\/westgem.shop\/fr\/wp-json\/wp\/v2\/media?parent=6655"}],"wp:term":[{"taxonomy":"region","embeddable":true,"href":"https:\/\/westgem.shop\/fr\/wp-json\/wp\/v2\/region?post=6655"},{"taxonomy":"product_brand","embeddable":true,"href":"https:\/\/westgem.shop\/fr\/wp-json\/wp\/v2\/product_brand?post=6655"},{"taxonomy":"product_cat","embeddable":true,"href":"https:\/\/westgem.shop\/fr\/wp-json\/wp\/v2\/product_cat?post=6655"},{"taxonomy":"product_tag","embeddable":true,"href":"https:\/\/westgem.shop\/fr\/wp-json\/wp\/v2\/product_tag?post=6655"}],"curies":[{"name":"wp","href":"https:\/\/api.w.org\/{rel}","templated":true}]}}