{"id":6659,"date":"2003-05-02T00:00:00","date_gmt":"2003-05-02T00:00:00","guid":{"rendered":"https:\/\/miners.rocks\/product\/bergkristall-xx-siderit-xx-huettenberg\/"},"modified":"2020-05-19T17:06:56","modified_gmt":"2020-05-19T17:06:56","slug":"cristal-de-roche-xx-siderite-xx-huettenberg","status":"publish","type":"product","link":"https:\/\/westgem.shop\/fr\/produit\/cristal-de-roche-xx-siderite-xx-huettenberg\/","title":{"rendered":"Cristal de roche xx SIDERIT xx - H\u00fcttenberg"},"content":{"rendered":"<p>\n\tAncienne pi\u00e8ce de H\u00fcttenberg<\/p>\n<p>\n\tCRISTAL DE MONTAGNE xx avec SIDERITE brune<\/p>\n<\/p>\n<p>\n\tDe la fameuse mine o\u00f9 l'on extrayait d\u00e9j\u00e0 le minerai de fer NORIEN il y a 2.000 ans<\/p>\n<p>\n\tCRISTAL DE MONTAGNE xx tr\u00e8s brillant avec de nombreuses petites surfaces terminales \u00e0 l'aspect de grappes de raisin sur un noyau de SIDERITE brun-rouge = FER BRUN.<\/p>\n<p>\n\tL'exploitation mini\u00e8re est ferm\u00e9e depuis des d\u00e9cennies, on ne peut plus trouver, avec beaucoup de chance, que de petits morceaux sur l'Alberthalde.<\/p>\n<p>\n\tDimensions : 12 x 10 x 4 cm Poids : 0,8 kilogramme<\/p>","protected":false},"excerpt":{"rendered":"<p>Ancienne pi\u00e8ce de H\u00fcttenberg en CRISTAL DE MONTAGNE xx avec SIDERITE brune De la c\u00e9l\u00e8bre mine o\u00f9 l'on extrayait d\u00e9j\u00e0 le minerai de fer NORDIQUE il y a 2.000 ans. CRISTAL DE MONTAGNE xx tr\u00e8s brillant avec de nombreuses petites surfaces terminales \u00e0 l'aspect de grappes sur un noyau de SIDERITE brun-rouge = FER BRUN. L'exploitation mini\u00e8re est ferm\u00e9e depuis des d\u00e9cennies, on ne peut plus trouver, avec beaucoup de chance, que sur l'Alberthalde [...].<\/p>","protected":false},"featured_media":6660,"template":"","meta":{"_acf_changed":false},"region":[],"product_brand":[],"product_cat":[19],"product_tag":[],"class_list":{"0":"post-6659","1":"product","2":"type-product","3":"status-publish","4":"has-post-thumbnail","6":"product_cat-kristallstufen","8":"first","9":"outofstock","10":"sold-individually","11":"product-type-simple"},"acf":[],"_links":{"self":[{"href":"https:\/\/westgem.shop\/fr\/wp-json\/wp\/v2\/product\/6659","targetHints":{"allow":["GET"]}}],"collection":[{"href":"https:\/\/westgem.shop\/fr\/wp-json\/wp\/v2\/product"}],"about":[{"href":"https:\/\/westgem.shop\/fr\/wp-json\/wp\/v2\/types\/product"}],"wp:featuredmedia":[{"embeddable":true,"href":"https:\/\/westgem.shop\/fr\/wp-json\/wp\/v2\/media\/6660"}],"wp:attachment":[{"href":"https:\/\/westgem.shop\/fr\/wp-json\/wp\/v2\/media?parent=6659"}],"wp:term":[{"taxonomy":"region","embeddable":true,"href":"https:\/\/westgem.shop\/fr\/wp-json\/wp\/v2\/region?post=6659"},{"taxonomy":"product_brand","embeddable":true,"href":"https:\/\/westgem.shop\/fr\/wp-json\/wp\/v2\/product_brand?post=6659"},{"taxonomy":"product_cat","embeddable":true,"href":"https:\/\/westgem.shop\/fr\/wp-json\/wp\/v2\/product_cat?post=6659"},{"taxonomy":"product_tag","embeddable":true,"href":"https:\/\/westgem.shop\/fr\/wp-json\/wp\/v2\/product_tag?post=6659"}],"curies":[{"name":"wp","href":"https:\/\/api.w.org\/{rel}","templated":true}]}}