{"id":6664,"date":"2003-05-04T00:00:00","date_gmt":"2003-05-04T00:00:00","guid":{"rendered":"https:\/\/miners.rocks\/product\/antimonit-xx-burgenland-3\/"},"modified":"2020-05-19T17:06:57","modified_gmt":"2020-05-19T17:06:57","slug":"antimonite-xx-burgenland-3","status":"publish","type":"product","link":"https:\/\/westgem.shop\/fr\/produit\/antimonite-xx-burgenland-3\/","title":{"rendered":"ANTIMONITE xx Burgenland"},"content":{"rendered":"<p>\n\tANTIMONITE xx <\/p>\n<p>\n\t<u>&#8211;<\/u> autres noms STIBNIT ; ANTIMONGLANZ, GRAUSPIESERZ<\/p>\n<p>\n\tPi\u00e8ce rare de l'ancienne mine ANTIMON - Stadtschleining - pr\u00e8s d'Oberwart - Burgenland<\/p>\n<\/p>\n<p>\n\tCritaux aciculaires tr\u00e8s brillants sur un minerai d'antimoine grossier. Form\u00e9es dans des galeries hydrothermales.<\/p>\n<p>\n\tDimensions : 10 x 8 x 6 cm Poids : 462 g<\/p>","protected":false},"excerpt":{"rendered":"<p>ANTIMONITE xx - autres noms STIBNIT ; ANTIMONGLANZ, GRAUSPIESERZ Pi\u00e8ce rare de l'ancienne mine ANTIMON - Stadtschleining - pr\u00e8s d'Oberwart - Burgenland Critaux aciculaires tr\u00e8s brillants sur minerai d'antimoine rugueux. Form\u00e9 dans des galeries hydrothermales. Dimensions : 10 x 8 x 6 cm Poids : 462 g<\/p>","protected":false},"featured_media":6665,"template":"","meta":{"_acf_changed":false},"region":[],"product_brand":[],"product_cat":[19],"product_tag":[],"class_list":{"0":"post-6664","1":"product","2":"type-product","3":"status-publish","4":"has-post-thumbnail","6":"product_cat-kristallstufen","8":"first","9":"outofstock","10":"sold-individually","11":"product-type-simple"},"acf":[],"_links":{"self":[{"href":"https:\/\/westgem.shop\/fr\/wp-json\/wp\/v2\/product\/6664","targetHints":{"allow":["GET"]}}],"collection":[{"href":"https:\/\/westgem.shop\/fr\/wp-json\/wp\/v2\/product"}],"about":[{"href":"https:\/\/westgem.shop\/fr\/wp-json\/wp\/v2\/types\/product"}],"wp:featuredmedia":[{"embeddable":true,"href":"https:\/\/westgem.shop\/fr\/wp-json\/wp\/v2\/media\/6665"}],"wp:attachment":[{"href":"https:\/\/westgem.shop\/fr\/wp-json\/wp\/v2\/media?parent=6664"}],"wp:term":[{"taxonomy":"region","embeddable":true,"href":"https:\/\/westgem.shop\/fr\/wp-json\/wp\/v2\/region?post=6664"},{"taxonomy":"product_brand","embeddable":true,"href":"https:\/\/westgem.shop\/fr\/wp-json\/wp\/v2\/product_brand?post=6664"},{"taxonomy":"product_cat","embeddable":true,"href":"https:\/\/westgem.shop\/fr\/wp-json\/wp\/v2\/product_cat?post=6664"},{"taxonomy":"product_tag","embeddable":true,"href":"https:\/\/westgem.shop\/fr\/wp-json\/wp\/v2\/product_tag?post=6664"}],"curies":[{"name":"wp","href":"https:\/\/api.w.org\/{rel}","templated":true}]}}