{"id":6669,"date":"2003-05-05T00:00:00","date_gmt":"2003-05-05T00:00:00","guid":{"rendered":"https:\/\/miners.rocks\/product\/mookait-rohstein-3\/"},"modified":"2021-09-05T15:28:12","modified_gmt":"2021-09-05T15:28:12","slug":"pierre-brute-mookait-3","status":"publish","type":"product","link":"https:\/\/westgem.shop\/fr\/produit\/pierre-brute-mookait-3\/","title":{"rendered":"Pierre brute de mookait"},"content":{"rendered":"<p>\n\tPierre brute de mooka\u00efte - plus d'un milliard d'ann\u00e9es.<\/p>\n<\/p>\n<p>\n\tQUARZ Min\u00e9ral avec les composants CHALCEDONE - OPALITE ET PIERRE(CHERT)<\/p>\n<p>\n\tDe superbes couleurs<\/p>\n<\/p>\n<p>\n\tLe seul site au monde est l'ouest de l'Australie<\/p>\n<p>\n\tMooka Creek - Rivi\u00e8re Gascogne<\/p>\n<p>\n\tDimensions : 11 x 9 x 3 cm Poids : 310 g<\/p><\/p>","protected":false},"excerpt":{"rendered":"<p>Pierre brute de mooka\u00efte - plus d'un milliard d'ann\u00e9es. QUARTZ Min\u00e9ral compos\u00e9 de CHALCEDONE - OPALITE ET DE PIERRE(CHERT) Couleurs magnifiques Le seul site au monde est l'Australie occidentale Mooka Creek - Rivi\u00e8re Gascogne Dimensions : 11 x 9 x 3 cm Poids : 310 g<\/p>","protected":false},"featured_media":6670,"template":"","meta":{"_acf_changed":false},"region":[],"product_brand":[],"product_cat":[16],"product_tag":[],"class_list":{"0":"post-6669","1":"product","2":"type-product","3":"status-publish","4":"has-post-thumbnail","6":"product_cat-rohsteine","8":"first","9":"outofstock","10":"sold-individually","11":"product-type-simple"},"acf":[],"_links":{"self":[{"href":"https:\/\/westgem.shop\/fr\/wp-json\/wp\/v2\/product\/6669","targetHints":{"allow":["GET"]}}],"collection":[{"href":"https:\/\/westgem.shop\/fr\/wp-json\/wp\/v2\/product"}],"about":[{"href":"https:\/\/westgem.shop\/fr\/wp-json\/wp\/v2\/types\/product"}],"wp:featuredmedia":[{"embeddable":true,"href":"https:\/\/westgem.shop\/fr\/wp-json\/wp\/v2\/media\/6670"}],"wp:attachment":[{"href":"https:\/\/westgem.shop\/fr\/wp-json\/wp\/v2\/media?parent=6669"}],"wp:term":[{"taxonomy":"region","embeddable":true,"href":"https:\/\/westgem.shop\/fr\/wp-json\/wp\/v2\/region?post=6669"},{"taxonomy":"product_brand","embeddable":true,"href":"https:\/\/westgem.shop\/fr\/wp-json\/wp\/v2\/product_brand?post=6669"},{"taxonomy":"product_cat","embeddable":true,"href":"https:\/\/westgem.shop\/fr\/wp-json\/wp\/v2\/product_cat?post=6669"},{"taxonomy":"product_tag","embeddable":true,"href":"https:\/\/westgem.shop\/fr\/wp-json\/wp\/v2\/product_tag?post=6669"}],"curies":[{"name":"wp","href":"https:\/\/api.w.org\/{rel}","templated":true}]}}