{"id":6673,"date":"2003-05-06T00:00:00","date_gmt":"2003-05-06T00:00:00","guid":{"rendered":"https:\/\/miners.rocks\/product\/chert-rohstein\/"},"modified":"2021-09-05T15:28:13","modified_gmt":"2021-09-05T15:28:13","slug":"chert-rohstein","status":"publish","type":"product","link":"https:\/\/westgem.shop\/fr\/produit\/chert-rohstein\/","title":{"rendered":"CHERT Pierre brute"},"content":{"rendered":"<p>\n\tPolychrome (multicolore) CHERT - silex avec de superbes motifs.<\/p>\n<p>\n\tCette vari\u00e9t\u00e9 de quartz est propos\u00e9e dans le commerce sous diff\u00e9rents noms. Imperial Jaspis, Polychromer Jaspis...... En fait, il ne s'agit pas du tout de jaspe, mais de CHERT en anglais.<\/p>\n<p>\n\tCHERT est une PIERRE DE FEU et cela se voit visuellement. Les pierres brutes sont des tubercules avec une \u00e9corce d'alt\u00e9ration et une cassure tranchante comme un rasoir. <\/p>\n<p>\n\tCette mati\u00e8re premi\u00e8re se trouve \u00e0 Madagascar.<\/p>\n<p>\n\tDimensions : 10 x 7 x 4 cm Poids : 360 g<\/p>\n<p>\n\tPhotographi\u00e9 mouill\u00e9 .<\/p><\/p>","protected":false},"excerpt":{"rendered":"<p>Polychrome (multicolore) CHERT - silex avec de superbes motifs. Cette vari\u00e9t\u00e9 de quartz est propos\u00e9e dans le commerce sous diff\u00e9rents noms. Imperial Jaspis, Polychromer Jaspis...... En fait, il ne s'agit pas du tout de jaspe, mais de CHERT, comme on l'appelle en anglais. CHERT est une PIERRE, et cela se voit aussi visuellement. Les pierres brutes sont des tubercules avec une \u00e9corce d'alt\u00e9ration [...].<\/p>","protected":false},"featured_media":6674,"template":"","meta":{"_acf_changed":false},"region":[],"product_brand":[],"product_cat":[16],"product_tag":[],"class_list":{"0":"post-6673","1":"product","2":"type-product","3":"status-publish","4":"has-post-thumbnail","6":"product_cat-rohsteine","8":"first","9":"outofstock","10":"sold-individually","11":"product-type-simple"},"acf":[],"_links":{"self":[{"href":"https:\/\/westgem.shop\/fr\/wp-json\/wp\/v2\/product\/6673","targetHints":{"allow":["GET"]}}],"collection":[{"href":"https:\/\/westgem.shop\/fr\/wp-json\/wp\/v2\/product"}],"about":[{"href":"https:\/\/westgem.shop\/fr\/wp-json\/wp\/v2\/types\/product"}],"wp:featuredmedia":[{"embeddable":true,"href":"https:\/\/westgem.shop\/fr\/wp-json\/wp\/v2\/media\/6674"}],"wp:attachment":[{"href":"https:\/\/westgem.shop\/fr\/wp-json\/wp\/v2\/media?parent=6673"}],"wp:term":[{"taxonomy":"region","embeddable":true,"href":"https:\/\/westgem.shop\/fr\/wp-json\/wp\/v2\/region?post=6673"},{"taxonomy":"product_brand","embeddable":true,"href":"https:\/\/westgem.shop\/fr\/wp-json\/wp\/v2\/product_brand?post=6673"},{"taxonomy":"product_cat","embeddable":true,"href":"https:\/\/westgem.shop\/fr\/wp-json\/wp\/v2\/product_cat?post=6673"},{"taxonomy":"product_tag","embeddable":true,"href":"https:\/\/westgem.shop\/fr\/wp-json\/wp\/v2\/product_tag?post=6673"}],"curies":[{"name":"wp","href":"https:\/\/api.w.org\/{rel}","templated":true}]}}