{"id":6676,"date":"2003-05-07T00:00:00","date_gmt":"2003-05-07T00:00:00","guid":{"rendered":"https:\/\/miners.rocks\/product\/mehrfaerbiger-feuerstein-3\/"},"modified":"2021-09-05T15:30:19","modified_gmt":"2021-09-05T15:30:19","slug":"silex-a-plusieurs-facettes-3","status":"publish","type":"product","link":"https:\/\/westgem.shop\/fr\/produit\/silex-a-plusieurs-facettes-3\/","title":{"rendered":"PIERRE DE FEU multicolore"},"content":{"rendered":"<p>\n\tGrosse moiti\u00e9 d'un tubercule de CHALCEDON FEUILLES.<\/p>\n<p>\n\tLe nom correct de cette vari\u00e9t\u00e9 de quartz est CHERT. CHERT est consid\u00e9r\u00e9 comme la forme impure de la PIERRE.<\/p>\n<p>\n\tLes impuret\u00e9s pr\u00e9sentes dans le BRONZE donnent lieu \u00e0 une grande vari\u00e9t\u00e9 de couleurs et de textures. La diff\u00e9rence entre CHERT et FLINT (silex) est minime et s'appelle Crypto Crystalline Silicate - CCS.<\/p>\n<p>\n\tDans le commerce, ces pierres sont simplement appel\u00e9es jaspe, comme c'est le cas pour d'autres roches, avec des noms fantaisistes - jaspe polychrome, jaspe imp\u00e9rial ou jaspe dessert, etc. Nous avons d\u00e9j\u00e0 vu des centaines de tonnes de diff\u00e9rentes vari\u00e9t\u00e9s de jaspe sous forme de pierres brutes, mais jamais sous forme de tubercules avec des ar\u00eates de cassure tranchantes et une \u00e9corce d'alt\u00e9ration.<\/p>\n<p>\n\tCette pi\u00e8ce provient de gisements \u00e0 Mahajunga - Madagascar<\/p>\n<p>\n\tPoids : 2,2 kilogrammes Dimensions : 20 x 13 x 10 cm<\/p>\n<p>\n\tPour les ponceurs amateurs : un polissage de premi\u00e8re classe avec CEROXYD<\/p>","protected":false},"excerpt":{"rendered":"<p>Grosse moiti\u00e9 d'un tubercule de CHALCEDON FEUERSTEIN. Le nom correct de cette vari\u00e9t\u00e9 de quartz est CHERT. La CHERT est consid\u00e9r\u00e9e comme la forme impure du PIERRE. Les impuret\u00e9s pr\u00e9sentes dans le PIERRE donnent lieu \u00e0 une multitude de couleurs et de textures. La diff\u00e9rence entre CHERT et FLINT (silex) est minime et s'appelle Crypto Crystalline Silicate - CCS. Ces pierres sont [...]<\/p>","protected":false},"featured_media":6677,"template":"","meta":{"_acf_changed":false},"region":[],"product_brand":[],"product_cat":[16],"product_tag":[],"class_list":{"0":"post-6676","1":"product","2":"type-product","3":"status-publish","4":"has-post-thumbnail","6":"product_cat-rohsteine","8":"first","9":"outofstock","10":"sold-individually","11":"product-type-simple"},"acf":[],"_links":{"self":[{"href":"https:\/\/westgem.shop\/fr\/wp-json\/wp\/v2\/product\/6676","targetHints":{"allow":["GET"]}}],"collection":[{"href":"https:\/\/westgem.shop\/fr\/wp-json\/wp\/v2\/product"}],"about":[{"href":"https:\/\/westgem.shop\/fr\/wp-json\/wp\/v2\/types\/product"}],"wp:featuredmedia":[{"embeddable":true,"href":"https:\/\/westgem.shop\/fr\/wp-json\/wp\/v2\/media\/6677"}],"wp:attachment":[{"href":"https:\/\/westgem.shop\/fr\/wp-json\/wp\/v2\/media?parent=6676"}],"wp:term":[{"taxonomy":"region","embeddable":true,"href":"https:\/\/westgem.shop\/fr\/wp-json\/wp\/v2\/region?post=6676"},{"taxonomy":"product_brand","embeddable":true,"href":"https:\/\/westgem.shop\/fr\/wp-json\/wp\/v2\/product_brand?post=6676"},{"taxonomy":"product_cat","embeddable":true,"href":"https:\/\/westgem.shop\/fr\/wp-json\/wp\/v2\/product_cat?post=6676"},{"taxonomy":"product_tag","embeddable":true,"href":"https:\/\/westgem.shop\/fr\/wp-json\/wp\/v2\/product_tag?post=6676"}],"curies":[{"name":"wp","href":"https:\/\/api.w.org\/{rel}","templated":true}]}}