{"id":668,"date":"2000-04-04T00:00:00","date_gmt":"2000-04-04T00:00:00","guid":{"rendered":"https:\/\/miners.rocks\/product\/148\/"},"modified":"2020-05-19T16:55:54","modified_gmt":"2020-05-19T16:55:54","slug":"canon-pat-xx-bleiberg","status":"publish","type":"product","link":"https:\/\/westgem.shop\/fr\/produit\/canon-pat-xx-bleiberg\/","title":{"rendered":"KANONENSPAT xx - BLEIBERG"},"content":{"rendered":"<p>Tr\u00e8s beau niveau avec un cristal CALCIT bien form\u00e9. Ce niveau, tout comme le WULFENITE, est une RARIT\u00c9 rarement disponible sur le march\u00e9.<\/p>\n<p>Le spath canonique est une forme peu courante du min\u00e9ral CALCITE.<\/p>\n<p>Poids : 340 grammes Dimensions : 10 x 8 x 7 cm Cristal : 2 cm de long<\/p>","protected":false},"excerpt":{"rendered":"<p>Tr\u00e8s beau sp\u00e9cimen avec un cristal de CALCITE bien form\u00e9. Ce sp\u00e9cimen est, comme la WULFENITE, une raret\u00e9 sur le march\u00e9. Le spath canonique est une forme peu fr\u00e9quente du min\u00e9ral CALCITE. Poids : 340 grammes Dimensions : 10 x 8 x 7 cm Cristal : 2 cm de long<\/p>","protected":false},"featured_media":669,"template":"","meta":{"_acf_changed":false},"region":[],"product_brand":[],"product_cat":[15],"product_tag":[],"class_list":{"0":"post-668","1":"product","2":"type-product","3":"status-publish","4":"has-post-thumbnail","6":"product_cat-mineralien","8":"first","9":"outofstock","10":"sold-individually","11":"product-type-simple"},"acf":[],"_links":{"self":[{"href":"https:\/\/westgem.shop\/fr\/wp-json\/wp\/v2\/product\/668","targetHints":{"allow":["GET"]}}],"collection":[{"href":"https:\/\/westgem.shop\/fr\/wp-json\/wp\/v2\/product"}],"about":[{"href":"https:\/\/westgem.shop\/fr\/wp-json\/wp\/v2\/types\/product"}],"wp:featuredmedia":[{"embeddable":true,"href":"https:\/\/westgem.shop\/fr\/wp-json\/wp\/v2\/media\/669"}],"wp:attachment":[{"href":"https:\/\/westgem.shop\/fr\/wp-json\/wp\/v2\/media?parent=668"}],"wp:term":[{"taxonomy":"region","embeddable":true,"href":"https:\/\/westgem.shop\/fr\/wp-json\/wp\/v2\/region?post=668"},{"taxonomy":"product_brand","embeddable":true,"href":"https:\/\/westgem.shop\/fr\/wp-json\/wp\/v2\/product_brand?post=668"},{"taxonomy":"product_cat","embeddable":true,"href":"https:\/\/westgem.shop\/fr\/wp-json\/wp\/v2\/product_cat?post=668"},{"taxonomy":"product_tag","embeddable":true,"href":"https:\/\/westgem.shop\/fr\/wp-json\/wp\/v2\/product_tag?post=668"}],"curies":[{"name":"wp","href":"https:\/\/api.w.org\/{rel}","templated":true}]}}