{"id":6686,"date":"2021-09-09T00:00:00","date_gmt":"2021-09-09T00:00:00","guid":{"rendered":"https:\/\/miners.rocks\/product\/roter-bergkristall-xx-5\/"},"modified":"2022-01-05T14:30:37","modified_gmt":"2022-01-05T14:30:37","slug":"cristal-de-roche-rouge-xx-5","status":"publish","type":"product","link":"https:\/\/westgem.shop\/fr\/produit\/cristal-de-roche-rouge-xx-5\/","title":{"rendered":"CRISTAL DE MONTAGNE ROUGE xx"},"content":{"rendered":"<p>Niveau de cristal QUARZ d'une variante particuli\u00e8re - que l'on ne voit pratiquement jamais en Europe.<\/p>\n<p><strong>TANGERINE Quartz xx<\/strong><\/p>\n<p>le nom fait r\u00e9f\u00e9rence \u00e0 la coloration particuli\u00e8re du quartz monocristallin blanc incolore, <strong>avec oxyde de fer rouge - H\u00c9MATITE .<\/strong><\/p>\n<p>Les cristaux sont de couleur l\u00e9g\u00e8rement am\u00e9thyste - typique de la Zambie .<\/p>\n<p>Un point fort visuel absolu.<\/p>\n<p><strong>\u00a0Marche de Mumbwe - Zambie - Afrique<\/strong><\/p>\n<p>Dimensions : 19 x 12 x 5 cm<\/p>\n<p>poids : <strong>1,3 kilogramme<\/strong><\/p>","protected":false},"excerpt":{"rendered":"<p>QUARTZ Niveau de cristal d'une variante particuli\u00e8re - que l'on ne voit pratiquement jamais en Europe. TANGERINE Quartz xx le nom se r\u00e9f\u00e8re \u00e0 la coloration particuli\u00e8re du quartz monocristallin blanc incolore, vari\u00e9t\u00e9 CRISTAL DE MONTAGNE, avec de l'oxyde de fer rouge - H\u00c9MATITE. Les cristaux sont l\u00e9g\u00e8rement teint\u00e9s d'am\u00e9thyste - typique de la Zambie. Un point fort optique absolu.  Marche en [...]<\/p>","protected":false},"featured_media":6687,"template":"","meta":{"_acf_changed":false},"region":[],"product_brand":[],"product_cat":[19],"product_tag":[],"class_list":{"0":"post-6686","1":"product","2":"type-product","3":"status-publish","4":"has-post-thumbnail","6":"product_cat-kristallstufen","8":"first","9":"outofstock","10":"sold-individually","11":"purchasable","12":"product-type-simple"},"acf":[],"_links":{"self":[{"href":"https:\/\/westgem.shop\/fr\/wp-json\/wp\/v2\/product\/6686","targetHints":{"allow":["GET"]}}],"collection":[{"href":"https:\/\/westgem.shop\/fr\/wp-json\/wp\/v2\/product"}],"about":[{"href":"https:\/\/westgem.shop\/fr\/wp-json\/wp\/v2\/types\/product"}],"wp:featuredmedia":[{"embeddable":true,"href":"https:\/\/westgem.shop\/fr\/wp-json\/wp\/v2\/media\/6687"}],"wp:attachment":[{"href":"https:\/\/westgem.shop\/fr\/wp-json\/wp\/v2\/media?parent=6686"}],"wp:term":[{"taxonomy":"region","embeddable":true,"href":"https:\/\/westgem.shop\/fr\/wp-json\/wp\/v2\/region?post=6686"},{"taxonomy":"product_brand","embeddable":true,"href":"https:\/\/westgem.shop\/fr\/wp-json\/wp\/v2\/product_brand?post=6686"},{"taxonomy":"product_cat","embeddable":true,"href":"https:\/\/westgem.shop\/fr\/wp-json\/wp\/v2\/product_cat?post=6686"},{"taxonomy":"product_tag","embeddable":true,"href":"https:\/\/westgem.shop\/fr\/wp-json\/wp\/v2\/product_tag?post=6686"}],"curies":[{"name":"wp","href":"https:\/\/api.w.org\/{rel}","templated":true}]}}