{"id":6691,"date":"2003-05-10T00:00:00","date_gmt":"2003-05-10T00:00:00","guid":{"rendered":"https:\/\/miners.rocks\/product\/neu-chrysokoll\/"},"modified":"2021-01-21T16:38:34","modified_gmt":"2021-01-21T16:38:34","slug":"nouveau-chrysocolle","status":"publish","type":"product","link":"https:\/\/westgem.shop\/fr\/produit\/nouveau-chrysocolle\/","title":{"rendered":"NOUVEAU - CHRYSOCOLLE"},"content":{"rendered":"<p>CHRYSOCOL - agr\u00e9gats de cristaux en grappes appel\u00e9s botryo\u00efdes - de couleur intense et de structures variables en malachite.<\/p>\n<p>Aspect sensationnel d'un niveau typique de CHRYSOCOL, form\u00e9 dans les zones d'oxydation des gisements connus de CUPPER au Congo.<\/p>\n<p>localisation de la trouvaille : Kulukuluku - Congo - Afrique<\/p>\n<p>poids : 0,8 kilogramme<\/p>\n<p>Dimensions : 14 x 9 x 7 cm<\/p>","protected":false},"excerpt":{"rendered":"<p>CHRYSOKOLL - agr\u00e9gats de cristaux en grappes appel\u00e9s botryo\u00efdes - avec une couleur intense et des structures variables de malachite. Aspect sensationnel d'un niveau typique de CHRYSOKOLL, form\u00e9 dans les zones d'oxydation des gisements connus de CUPPER au Congo. Lieu de d\u00e9couverte : Kulukuluku - Congo - Afrique Poids : 0,8 kilogramme Dimensions : 14 x 9 x 7 cm<\/p>","protected":false},"featured_media":6692,"template":"","meta":{"_acf_changed":false},"region":[],"product_brand":[],"product_cat":[19],"product_tag":[],"class_list":{"0":"post-6691","1":"product","2":"type-product","3":"status-publish","4":"has-post-thumbnail","6":"product_cat-kristallstufen","8":"first","9":"instock","10":"sold-individually","11":"purchasable","12":"product-type-simple"},"acf":[],"_links":{"self":[{"href":"https:\/\/westgem.shop\/fr\/wp-json\/wp\/v2\/product\/6691","targetHints":{"allow":["GET"]}}],"collection":[{"href":"https:\/\/westgem.shop\/fr\/wp-json\/wp\/v2\/product"}],"about":[{"href":"https:\/\/westgem.shop\/fr\/wp-json\/wp\/v2\/types\/product"}],"wp:featuredmedia":[{"embeddable":true,"href":"https:\/\/westgem.shop\/fr\/wp-json\/wp\/v2\/media\/6692"}],"wp:attachment":[{"href":"https:\/\/westgem.shop\/fr\/wp-json\/wp\/v2\/media?parent=6691"}],"wp:term":[{"taxonomy":"region","embeddable":true,"href":"https:\/\/westgem.shop\/fr\/wp-json\/wp\/v2\/region?post=6691"},{"taxonomy":"product_brand","embeddable":true,"href":"https:\/\/westgem.shop\/fr\/wp-json\/wp\/v2\/product_brand?post=6691"},{"taxonomy":"product_cat","embeddable":true,"href":"https:\/\/westgem.shop\/fr\/wp-json\/wp\/v2\/product_cat?post=6691"},{"taxonomy":"product_tag","embeddable":true,"href":"https:\/\/westgem.shop\/fr\/wp-json\/wp\/v2\/product_tag?post=6691"}],"curies":[{"name":"wp","href":"https:\/\/api.w.org\/{rel}","templated":true}]}}