{"id":6696,"date":"2021-12-31T00:00:00","date_gmt":"2021-12-31T00:00:00","guid":{"rendered":"https:\/\/miners.rocks\/product\/prehnit-xx\/"},"modified":"2022-06-10T06:27:43","modified_gmt":"2022-06-10T06:27:43","slug":"prehnite-xx","status":"publish","type":"product","link":"https:\/\/westgem.shop\/fr\/produit\/prehnite-xx\/","title":{"rendered":"Sp\u00e9cial PREHNIT xx - Namibie"},"content":{"rendered":"<p><strong>Niveau PREHNIT de premi\u00e8re classe<\/strong><\/p>\n<p>&nbsp;<\/p>\n<p><strong>Agr\u00e9gats de cristaux sph\u00e9riques en grappe sur matrice avec quartz xx et calcite xx .<\/strong><\/p>\n<p>Les prehnites de Namibie se pr\u00e9sentent principalement dans des tons verd\u00e2tres, ce qui leur vaut l'appellation de \"prehnite\".<\/p>\n<p><strong>\" Cap Chrysolite<\/strong> \".<\/p>\n<p>Lieu de d\u00e9couverte : <strong>Voolsdrift - Montagnes de Goboboseb - Namibie - Afrique<\/strong><\/p>\n<p>poids :<strong> 1,2 kilogramme<\/strong><\/p>\n<p>Dimensions : 12 x 12 x 10 cm<\/p>\n<p>Il est tr\u00e8s rare de voir de telles pi\u00e8ces.<\/p>\n<p><strong>SUPER PRIX ! !<\/strong><\/p>","protected":false},"excerpt":{"rendered":"<p>Pr\u00e9hnite de premi\u00e8re qualit\u00e9 Agr\u00e9gats de cristaux sph\u00e9riques en grappes sur matrice de quartz xx et de calcite xx . Les prehnites de Namibie sont principalement de couleur verte, ce qui leur vaut le surnom de \"chrysolite du Cap\". Lieu de d\u00e9couverte : Voolsdrift - Goboboseb Mountains - Namibie - Afrique Poids : 1,2 kilogramme Dimensions : 12 [...]<\/p>","protected":false},"featured_media":6697,"template":"","meta":{"_acf_changed":false},"region":[62],"product_brand":[],"product_cat":[19],"product_tag":[],"class_list":{"0":"post-6696","1":"product","2":"type-product","3":"status-publish","4":"has-post-thumbnail","6":"region-afrika","7":"product_cat-kristallstufen","9":"first","10":"instock","11":"sold-individually","12":"purchasable","13":"product-type-simple"},"acf":[],"_links":{"self":[{"href":"https:\/\/westgem.shop\/fr\/wp-json\/wp\/v2\/product\/6696","targetHints":{"allow":["GET"]}}],"collection":[{"href":"https:\/\/westgem.shop\/fr\/wp-json\/wp\/v2\/product"}],"about":[{"href":"https:\/\/westgem.shop\/fr\/wp-json\/wp\/v2\/types\/product"}],"wp:featuredmedia":[{"embeddable":true,"href":"https:\/\/westgem.shop\/fr\/wp-json\/wp\/v2\/media\/6697"}],"wp:attachment":[{"href":"https:\/\/westgem.shop\/fr\/wp-json\/wp\/v2\/media?parent=6696"}],"wp:term":[{"taxonomy":"region","embeddable":true,"href":"https:\/\/westgem.shop\/fr\/wp-json\/wp\/v2\/region?post=6696"},{"taxonomy":"product_brand","embeddable":true,"href":"https:\/\/westgem.shop\/fr\/wp-json\/wp\/v2\/product_brand?post=6696"},{"taxonomy":"product_cat","embeddable":true,"href":"https:\/\/westgem.shop\/fr\/wp-json\/wp\/v2\/product_cat?post=6696"},{"taxonomy":"product_tag","embeddable":true,"href":"https:\/\/westgem.shop\/fr\/wp-json\/wp\/v2\/product_tag?post=6696"}],"curies":[{"name":"wp","href":"https:\/\/api.w.org\/{rel}","templated":true}]}}