{"id":6701,"date":"2003-05-12T00:00:00","date_gmt":"2003-05-12T00:00:00","guid":{"rendered":"https:\/\/miners.rocks\/product\/rubellit-turmalin-xx\/"},"modified":"2021-01-21T15:08:10","modified_gmt":"2021-01-21T15:08:10","slug":"rubellite-tourmaline-xx","status":"publish","type":"product","link":"https:\/\/westgem.shop\/fr\/produit\/rubellite-tourmaline-xx\/","title":{"rendered":"RUBELLIT TURMALIN xx"},"content":{"rendered":"<p>TURMALIN rose - Var. RUBELLIT<\/p>\n<p>Gr\u00e9gates de cristaux prismatiques longs, de couleur rose-rose en quartz blanc avec mica LITHIUM - LEPIDOLITH<\/p>\n<p>ELBAIT Tourmalines en qualit\u00e9 de pierres pr\u00e9cieuses ??- alors ce niveau co\u00fbterait \u00c4 10.000 ou plus..,<\/p>\n<p>N\u00e9anmoins, ces TURMALINE rouges ne sont pas faciles \u00e0 obtenir dans cette variante, et encore moins dans cette taille.<\/p>\n<p>Un excellent ajout \u00e0 toute collection.<\/p>\n<p>localisation de la trouvaille : Karibib - Erongo - Namibie - Afrique<\/p>\n<p>Dimensions : 13 x 11 x 9 cm<\/p>\n<p>poids : 1,1 kilogramme<\/p>","protected":false},"excerpt":{"rendered":"<p>TURMALINE ROSE - Var. RUBELLITE Grenat de cristal \u00e0 long prisme, de couleur rose-rose en quartz blanc avec mica LITHIUM - LEPIDOLITH ELBAIT Tourmalines de qualit\u00e9 gemme ? alors ce niveau co\u00fbterait \u00c4 10.000 ou plus, N\u00e9anmoins, ces TURMALINES rouges ne sont pas faciles \u00e0 trouver dans cette variante, et encore moins dans cette taille. Un excellent compl\u00e9ment pour toute collection. Lieu de d\u00e9couverte : [...]<\/p>","protected":false},"featured_media":6702,"template":"","meta":{"_acf_changed":false},"region":[],"product_brand":[],"product_cat":[19],"product_tag":[],"class_list":{"0":"post-6701","1":"product","2":"type-product","3":"status-publish","4":"has-post-thumbnail","6":"product_cat-kristallstufen","8":"first","9":"outofstock","10":"sold-individually","11":"product-type-simple"},"acf":[],"_links":{"self":[{"href":"https:\/\/westgem.shop\/fr\/wp-json\/wp\/v2\/product\/6701","targetHints":{"allow":["GET"]}}],"collection":[{"href":"https:\/\/westgem.shop\/fr\/wp-json\/wp\/v2\/product"}],"about":[{"href":"https:\/\/westgem.shop\/fr\/wp-json\/wp\/v2\/types\/product"}],"wp:featuredmedia":[{"embeddable":true,"href":"https:\/\/westgem.shop\/fr\/wp-json\/wp\/v2\/media\/6702"}],"wp:attachment":[{"href":"https:\/\/westgem.shop\/fr\/wp-json\/wp\/v2\/media?parent=6701"}],"wp:term":[{"taxonomy":"region","embeddable":true,"href":"https:\/\/westgem.shop\/fr\/wp-json\/wp\/v2\/region?post=6701"},{"taxonomy":"product_brand","embeddable":true,"href":"https:\/\/westgem.shop\/fr\/wp-json\/wp\/v2\/product_brand?post=6701"},{"taxonomy":"product_cat","embeddable":true,"href":"https:\/\/westgem.shop\/fr\/wp-json\/wp\/v2\/product_cat?post=6701"},{"taxonomy":"product_tag","embeddable":true,"href":"https:\/\/westgem.shop\/fr\/wp-json\/wp\/v2\/product_tag?post=6701"}],"curies":[{"name":"wp","href":"https:\/\/api.w.org\/{rel}","templated":true}]}}