{"id":6712,"date":"2003-05-14T00:00:00","date_gmt":"2003-05-14T00:00:00","guid":{"rendered":"https:\/\/miners.rocks\/product\/smaragdgruene-fluorit-top-stufe\/"},"modified":"2021-08-02T06:36:13","modified_gmt":"2021-08-02T06:36:13","slug":"niveau-superieur-de-fluorite-vert-emeraude","status":"publish","type":"product","link":"https:\/\/westgem.shop\/fr\/produit\/niveau-superieur-de-fluorite-vert-emeraude\/","title":{"rendered":"Niveau FLUORITE TOP vert \u00e9meraude"},"content":{"rendered":"<p>SUPER niveau de FLUORITE vert \u00e9meraude.<\/p>\n<p>De magnifiques cristaux sur une roche m\u00e8re feldspathique grossi\u00e8re. Tout simplement un \"niveau marteau\".<\/p>\n<p>FLUORITE - CaF2 - Syst\u00e8me cristallin cubique - formation hydrothermale il y a environ 320 millions d'ann\u00e9es.<\/p>\n<p>La FLUORITE est un min\u00e9ral allochromatique - donc incolore - de couleur \u00e9trang\u00e8re.<\/p>\n<p>La couleur vert \u00e9meraude provient de l'\u00e9l\u00e9ment SELTENERDEN SAMARIUM, qui est ins\u00e9r\u00e9 dans le r\u00e9seau cristallin. La couleur est stable.<\/p>\n<p>Excellent Speciemen - des pi\u00e8ces comparables sont propos\u00e9es \u00e0 500,- dollars et plus.<\/p>\n<p>localisation de la trouvaille : Transvaal - R\u00e9gion du Cap Nord - Afrique du Sud<\/p>\n<p>poids : 1,6 kilogramme<\/p>\n<p>Dimensions : 20 x10 x 10 cm, xx jusqu'\u00e0 3 cm de c\u00f4t\u00e9<\/p>","protected":false},"excerpt":{"rendered":"<p>SUPER niveau de FLUORITE vert \u00e9meraude. De magnifiques cristaux sur une roche m\u00e8re feldspathique. Tout simplement un \"niveau marteau\". FLUORITE - CaF2 - Syst\u00e8me cristallin cubique - formation hydrothermale il y a environ 320 millions d'ann\u00e9es. La FLUORITE est un min\u00e9ral allochromatique - donc incolore - de couleur \u00e9trang\u00e8re. La couleur vert \u00e9meraude provient de l'\u00e9l\u00e9ment SAMARIUM, qui est ins\u00e9r\u00e9 dans le r\u00e9seau cristallin. La couleur est stable. Excellent [...]<\/p>","protected":false},"featured_media":6713,"template":"","meta":{"_acf_changed":false},"region":[],"product_brand":[],"product_cat":[19],"product_tag":[],"class_list":{"0":"post-6712","1":"product","2":"type-product","3":"status-publish","4":"has-post-thumbnail","6":"product_cat-kristallstufen","8":"first","9":"outofstock","10":"sold-individually","11":"purchasable","12":"product-type-simple"},"acf":[],"_links":{"self":[{"href":"https:\/\/westgem.shop\/fr\/wp-json\/wp\/v2\/product\/6712","targetHints":{"allow":["GET"]}}],"collection":[{"href":"https:\/\/westgem.shop\/fr\/wp-json\/wp\/v2\/product"}],"about":[{"href":"https:\/\/westgem.shop\/fr\/wp-json\/wp\/v2\/types\/product"}],"wp:featuredmedia":[{"embeddable":true,"href":"https:\/\/westgem.shop\/fr\/wp-json\/wp\/v2\/media\/6713"}],"wp:attachment":[{"href":"https:\/\/westgem.shop\/fr\/wp-json\/wp\/v2\/media?parent=6712"}],"wp:term":[{"taxonomy":"region","embeddable":true,"href":"https:\/\/westgem.shop\/fr\/wp-json\/wp\/v2\/region?post=6712"},{"taxonomy":"product_brand","embeddable":true,"href":"https:\/\/westgem.shop\/fr\/wp-json\/wp\/v2\/product_brand?post=6712"},{"taxonomy":"product_cat","embeddable":true,"href":"https:\/\/westgem.shop\/fr\/wp-json\/wp\/v2\/product_cat?post=6712"},{"taxonomy":"product_tag","embeddable":true,"href":"https:\/\/westgem.shop\/fr\/wp-json\/wp\/v2\/product_tag?post=6712"}],"curies":[{"name":"wp","href":"https:\/\/api.w.org\/{rel}","templated":true}]}}