{"id":6724,"date":"2003-05-16T00:00:00","date_gmt":"2003-05-16T00:00:00","guid":{"rendered":"https:\/\/miners.rocks\/product\/petrified-wood-250-mio-jahre-alt\/"},"modified":"2021-06-13T07:22:30","modified_gmt":"2021-06-13T07:22:30","slug":"bois-petrifie-vieux-de-250-millions-dannees","status":"publish","type":"product","link":"https:\/\/westgem.shop\/fr\/produit\/bois-petrifie-vieux-de-250-millions-dannees\/","title":{"rendered":"Petrified Wood - 250 millions d'ann\u00e9es"},"content":{"rendered":"<p>Double face, plaque polie Top Bois p\u00e9trifi\u00e9.<\/p>\n<p>La couleur blanche naturelle de l'int\u00e9rieur du bois, qui est tr\u00e8s rare dans ces couleurs, est particuli\u00e8re.<\/p>\n<p><strong>La pi\u00e8ce ressemble \u00e0 l'image d'une com\u00e8te<\/strong> - mais c'est dans l'\u0153il de celui qui regarde.<\/p>\n<p>\u00c9corce pr\u00e9serv\u00e9e sur tout le pourtour. Bois d'araucaria du<strong> \u00c2ge de la Terre : TRIAS<\/strong> - environ 250 millions d'ann\u00e9es<\/p>\n<p>localisation de la trouvaille : Mahajanga - Madagascar.<\/p>\n<p>Dimensions : 16 x 7 x 1,5 cm Poids : 380 g<\/p>\n<p><strong>TOP PRIX<\/strong><\/p>","protected":false},"excerpt":{"rendered":"<p>Les deux faces de la plaque polie sont en bois p\u00e9trifi\u00e9. La couleur blanche naturelle de l'int\u00e9rieur du bois, tr\u00e8s rare dans ces couleurs, est particuli\u00e8re. La pi\u00e8ce ressemble \u00e0 l'image d'une com\u00e8te - mais cela d\u00e9pend de l'\u0153il de l'observateur. Une \u00e9corce pr\u00e9serv\u00e9e sur tout le pourtour. Bois d'araucaria datant de l'\u00e8re g\u00e9ologique : TRIAS - environ 250 millions d'ann\u00e9es. Lieu de d\u00e9couverte [...]<\/p>","protected":false},"featured_media":6725,"template":"","meta":{"_acf_changed":false},"region":[],"product_brand":[],"product_cat":[17],"product_tag":[],"class_list":{"0":"post-6724","1":"product","2":"type-product","3":"status-publish","4":"has-post-thumbnail","6":"product_cat-fosilien","8":"first","9":"outofstock","10":"sold-individually","11":"purchasable","12":"product-type-simple"},"acf":[],"_links":{"self":[{"href":"https:\/\/westgem.shop\/fr\/wp-json\/wp\/v2\/product\/6724","targetHints":{"allow":["GET"]}}],"collection":[{"href":"https:\/\/westgem.shop\/fr\/wp-json\/wp\/v2\/product"}],"about":[{"href":"https:\/\/westgem.shop\/fr\/wp-json\/wp\/v2\/types\/product"}],"wp:featuredmedia":[{"embeddable":true,"href":"https:\/\/westgem.shop\/fr\/wp-json\/wp\/v2\/media\/6725"}],"wp:attachment":[{"href":"https:\/\/westgem.shop\/fr\/wp-json\/wp\/v2\/media?parent=6724"}],"wp:term":[{"taxonomy":"region","embeddable":true,"href":"https:\/\/westgem.shop\/fr\/wp-json\/wp\/v2\/region?post=6724"},{"taxonomy":"product_brand","embeddable":true,"href":"https:\/\/westgem.shop\/fr\/wp-json\/wp\/v2\/product_brand?post=6724"},{"taxonomy":"product_cat","embeddable":true,"href":"https:\/\/westgem.shop\/fr\/wp-json\/wp\/v2\/product_cat?post=6724"},{"taxonomy":"product_tag","embeddable":true,"href":"https:\/\/westgem.shop\/fr\/wp-json\/wp\/v2\/product_tag?post=6724"}],"curies":[{"name":"wp","href":"https:\/\/api.w.org\/{rel}","templated":true}]}}