{"id":6728,"date":"2022-07-18T00:00:00","date_gmt":"2022-07-18T00:00:00","guid":{"rendered":"https:\/\/miners.rocks\/product\/neu-versteinertes-nadelholz\/"},"modified":"2022-09-06T06:10:08","modified_gmt":"2022-09-06T06:10:08","slug":"bois-de-coniferes-nouvellement-fossilise","status":"publish","type":"product","link":"https:\/\/westgem.shop\/fr\/produit\/bois-de-coniferes-nouvellement-fossilise\/","title":{"rendered":"Raret\u00e9... BOIS D'AIGUILLE TRIAS p\u00e9trifi\u00e9"},"content":{"rendered":"<p><strong>RARIT\u00c9<\/strong><\/p>\n<p><strong>Conif\u00e8re fossilis\u00e9 de l'\u00e8re g\u00e9ologique TRIAS - datant d'environ 250 millions d'ann\u00e9es.<\/strong><\/p>\n<p>&nbsp;<\/p>\n<p><strong>La particularit\u00e9 de ce disque de tronc poli sur les deux faces est le lieu de sa d\u00e9couverte, c'est-\u00e0-dire la for\u00eat p\u00e9trifi\u00e9e de la province de Midland au SIMBABWE - anciennement RHODESIE en Afrique australe.<\/strong><\/p>\n<p>&nbsp;<\/p>\n<p><strong>La couleur noire-brune est typique de ce bois rare.<\/strong><\/p>\n<p><strong>Plaque polie sur les deux faces avec \u00e9corce conserv\u00e9e sur tout le pourtour.<\/strong><\/p>\n<p>Dimensions : 15,6 x 14 x 4 cm<\/p>\n<p><strong>poids : 1,6 kilogramme<\/strong><\/p>","protected":false},"excerpt":{"rendered":"<p>RARIT\u00c9 Conif\u00e8re fossilis\u00e9 de l'\u00e8re g\u00e9ologique TRIAS - datant d'environ 250 millions d'ann\u00e9es.   La particularit\u00e9 de ce disque de tronc poli des deux c\u00f4t\u00e9s est le lieu de sa d\u00e9couverte, c'est-\u00e0-dire la for\u00eat p\u00e9trifi\u00e9e dans la province de Midland au SIMBABWE - anciennement RHODESIE en Afrique du Sud.   La couleur noire-brune est typique de ce bois rare. Les deux faces sont polies [...].<\/p>","protected":false},"featured_media":6729,"template":"","meta":{"_acf_changed":false},"region":[62],"product_brand":[],"product_cat":[17],"product_tag":[],"class_list":{"0":"post-6728","1":"product","2":"type-product","3":"status-publish","4":"has-post-thumbnail","6":"region-afrika","7":"product_cat-fosilien","9":"first","10":"instock","11":"sold-individually","12":"purchasable","13":"product-type-simple"},"acf":[],"_links":{"self":[{"href":"https:\/\/westgem.shop\/fr\/wp-json\/wp\/v2\/product\/6728","targetHints":{"allow":["GET"]}}],"collection":[{"href":"https:\/\/westgem.shop\/fr\/wp-json\/wp\/v2\/product"}],"about":[{"href":"https:\/\/westgem.shop\/fr\/wp-json\/wp\/v2\/types\/product"}],"wp:featuredmedia":[{"embeddable":true,"href":"https:\/\/westgem.shop\/fr\/wp-json\/wp\/v2\/media\/6729"}],"wp:attachment":[{"href":"https:\/\/westgem.shop\/fr\/wp-json\/wp\/v2\/media?parent=6728"}],"wp:term":[{"taxonomy":"region","embeddable":true,"href":"https:\/\/westgem.shop\/fr\/wp-json\/wp\/v2\/region?post=6728"},{"taxonomy":"product_brand","embeddable":true,"href":"https:\/\/westgem.shop\/fr\/wp-json\/wp\/v2\/product_brand?post=6728"},{"taxonomy":"product_cat","embeddable":true,"href":"https:\/\/westgem.shop\/fr\/wp-json\/wp\/v2\/product_cat?post=6728"},{"taxonomy":"product_tag","embeddable":true,"href":"https:\/\/westgem.shop\/fr\/wp-json\/wp\/v2\/product_tag?post=6728"}],"curies":[{"name":"wp","href":"https:\/\/api.w.org\/{rel}","templated":true}]}}