{"id":6733,"date":"2021-10-24T00:00:00","date_gmt":"2021-10-24T00:00:00","guid":{"rendered":"https:\/\/miners.rocks\/product\/top-malachit\/"},"modified":"2021-12-30T19:33:10","modified_gmt":"2021-12-30T19:33:10","slug":"top-malachite","status":"publish","type":"product","link":"https:\/\/westgem.shop\/fr\/produit\/top-malachite\/","title":{"rendered":"Malachite - Kasompe\/Congo"},"content":{"rendered":"<p><strong>\u00a0Super Malachite - Niveau d'affichage<\/strong><\/p>\n<p><strong>La MALACHITE est un carbonate de cuivre vert<\/strong> qui est exploit\u00e9 \u00e0 grande \u00e9chelle comme minerai de cuivre, en particulier au Congo - les bons objets de collection ne sont toutefois pas fr\u00e9quents, car la plupart des mat\u00e9riaux sont transform\u00e9s de mani\u00e8re industrielle.<\/p>\n<p><strong>L'habitus de ce niveau est botryo\u00efde - ce sont des formations de malachite en grappes.<\/strong><\/p>\n<p><strong>Un HIGHLIGHT pour chaque \u00e9tag\u00e8re ou vitrine.<\/strong><\/p>\n<p><strong>Couleur verte intense<\/strong>C'est un min\u00e9ral typique du CUIVRE.<\/p>\n<p>Le lieu de d\u00e9couverte est<strong> Kasompe - Congo - Afrique<\/strong><\/p>\n<p>Poids de la marche :<strong> 3,2 kilogrammes<\/strong><\/p>\n<p>Dimensions : <strong>26 x 17 x 7 cm<\/strong><\/p>\n<p><strong>TOP pi\u00e8ce unique,<\/strong> il y en a tr\u00e8s peu de cette qualit\u00e9 et de cette taille.<\/p>\n<p>La derni\u00e8re image montre les marches du bas<\/p>\n<p><strong>SUPER PRIX ! !<\/strong><\/p>\n<p>&nbsp;<\/p>","protected":false},"excerpt":{"rendered":"<p>\u00a0Super malachite - niveau d'affichage La malachite est un carbonate de cuivre vert qui est exploit\u00e9 \u00e0 grande \u00e9chelle comme minerai de cuivre, en particulier au Congo - les bons sp\u00e9cimens de collection sont toutefois rares, car la plupart des mat\u00e9riaux sont transform\u00e9s industriellement. L'habitus de ce niveau est botryo\u00efde - ce sont des formations de malachite en grappes. Un HIGHLIGHT pour chaque \u00e9tag\u00e8re ou [...].<\/p>","protected":false},"featured_media":6734,"template":"","meta":{"_acf_changed":false},"region":[62],"product_brand":[],"product_cat":[19],"product_tag":[],"class_list":{"0":"post-6733","1":"product","2":"type-product","3":"status-publish","4":"has-post-thumbnail","6":"region-afrika","7":"product_cat-kristallstufen","9":"first","10":"outofstock","11":"sold-individually","12":"purchasable","13":"product-type-simple"},"acf":[],"_links":{"self":[{"href":"https:\/\/westgem.shop\/fr\/wp-json\/wp\/v2\/product\/6733","targetHints":{"allow":["GET"]}}],"collection":[{"href":"https:\/\/westgem.shop\/fr\/wp-json\/wp\/v2\/product"}],"about":[{"href":"https:\/\/westgem.shop\/fr\/wp-json\/wp\/v2\/types\/product"}],"wp:featuredmedia":[{"embeddable":true,"href":"https:\/\/westgem.shop\/fr\/wp-json\/wp\/v2\/media\/6734"}],"wp:attachment":[{"href":"https:\/\/westgem.shop\/fr\/wp-json\/wp\/v2\/media?parent=6733"}],"wp:term":[{"taxonomy":"region","embeddable":true,"href":"https:\/\/westgem.shop\/fr\/wp-json\/wp\/v2\/region?post=6733"},{"taxonomy":"product_brand","embeddable":true,"href":"https:\/\/westgem.shop\/fr\/wp-json\/wp\/v2\/product_brand?post=6733"},{"taxonomy":"product_cat","embeddable":true,"href":"https:\/\/westgem.shop\/fr\/wp-json\/wp\/v2\/product_cat?post=6733"},{"taxonomy":"product_tag","embeddable":true,"href":"https:\/\/westgem.shop\/fr\/wp-json\/wp\/v2\/product_tag?post=6733"}],"curies":[{"name":"wp","href":"https:\/\/api.w.org\/{rel}","templated":true}]}}