{"id":6740,"date":"2021-12-19T00:00:00","date_gmt":"2021-12-19T00:00:00","guid":{"rendered":"https:\/\/miners.rocks\/product\/dragon-stone-freeform\/"},"modified":"2022-04-18T08:26:23","modified_gmt":"2022-04-18T08:26:23","slug":"dragon-stone-freeform","status":"publish","type":"product","link":"https:\/\/westgem.shop\/fr\/produit\/dragon-stone-freeform\/","title":{"rendered":"PIERRE DRAGON"},"content":{"rendered":"<p><strong>Pi\u00e8ce DEKO taill\u00e9e et top polie.<\/strong><\/p>\n<p>Souvent propos\u00e9 comme - \" Dragon Blood Jasper \".<\/p>\n<p>\"Jasper\" est un nom commercial fr\u00e9quemment utilis\u00e9 pour des pierres multicolores qui sont simplement appel\u00e9es jaspe, bien qu'elles n'aient RIEN en commun avec le VRAI jaspe - un quartz microcristallin - du point de vue min\u00e9ralogique.<\/p>\n<p><strong>DRAGON STONE est une combinaison rare de min\u00e9raux que l'on trouve principalement dans la r\u00e9gion du Cap Nord en Afrique du Sud.<\/strong> sera.<\/p>\n<p><strong>PIEMONTITE rouge et EPIDOT vert - une variante RARE.<\/strong><\/p>\n<p>Combinaison de couleurs tr\u00e8s attrayante et noble avec de superbes structures.<\/p>\n<p><strong>Pr\u00e9sentoir Freeform, avec polissage et surface d'appui de premi\u00e8re qualit\u00e9<\/strong><\/p>\n<p>Le lieu de d\u00e9couverte de la mati\u00e8re premi\u00e8re est<strong> TSHIPISE - Afrique du Sud<\/strong><\/p>\n<p>Dimensions : 11 x 10 x 6 cm<\/p>\n<p>poids : <strong>1,2 kilogramme<\/strong><\/p>","protected":false},"excerpt":{"rendered":"<p>Pi\u00e8ce DEKO taill\u00e9e et top polie. Souvent propos\u00e9 comme - \"Dragon Blood Jasper\". \"Jasper\" est un nom commercial fr\u00e9quemment utilis\u00e9 pour des pierres multicolores, qui sont simplement appel\u00e9es jaspe, bien qu'elles n'aient RIEN en commun avec le VRAI jaspe - un quartz microcristallin - du point de vue min\u00e9ralogique. DRAGON STONE est une RARE combinaison de min\u00e9raux que l'on trouve principalement dans la Northern [...].<\/p>","protected":false},"featured_media":6741,"template":"","meta":{"_acf_changed":false},"region":[],"product_brand":[],"product_cat":[18],"product_tag":[],"class_list":{"0":"post-6740","1":"product","2":"type-product","3":"status-publish","4":"has-post-thumbnail","6":"product_cat-geschliffene-einzelstucke","8":"first","9":"outofstock","10":"sold-individually","11":"purchasable","12":"product-type-simple"},"acf":[],"_links":{"self":[{"href":"https:\/\/westgem.shop\/fr\/wp-json\/wp\/v2\/product\/6740","targetHints":{"allow":["GET"]}}],"collection":[{"href":"https:\/\/westgem.shop\/fr\/wp-json\/wp\/v2\/product"}],"about":[{"href":"https:\/\/westgem.shop\/fr\/wp-json\/wp\/v2\/types\/product"}],"wp:featuredmedia":[{"embeddable":true,"href":"https:\/\/westgem.shop\/fr\/wp-json\/wp\/v2\/media\/6741"}],"wp:attachment":[{"href":"https:\/\/westgem.shop\/fr\/wp-json\/wp\/v2\/media?parent=6740"}],"wp:term":[{"taxonomy":"region","embeddable":true,"href":"https:\/\/westgem.shop\/fr\/wp-json\/wp\/v2\/region?post=6740"},{"taxonomy":"product_brand","embeddable":true,"href":"https:\/\/westgem.shop\/fr\/wp-json\/wp\/v2\/product_brand?post=6740"},{"taxonomy":"product_cat","embeddable":true,"href":"https:\/\/westgem.shop\/fr\/wp-json\/wp\/v2\/product_cat?post=6740"},{"taxonomy":"product_tag","embeddable":true,"href":"https:\/\/westgem.shop\/fr\/wp-json\/wp\/v2\/product_tag?post=6740"}],"curies":[{"name":"wp","href":"https:\/\/api.w.org\/{rel}","templated":true}]}}