{"id":6745,"date":"2003-05-20T00:00:00","date_gmt":"2003-05-20T00:00:00","guid":{"rendered":"https:\/\/miners.rocks\/product\/aaa-labradorit\/"},"modified":"2021-03-17T07:45:57","modified_gmt":"2021-03-17T07:45:57","slug":"aaa-labradorite","status":"publish","type":"product","link":"https:\/\/westgem.shop\/fr\/produit\/aaa-labradorite\/","title":{"rendered":"AAA LABRADORIT"},"content":{"rendered":"<p>Superbe DECO DISPLAY<\/p>\n<p>LABRADORITE AAA , polie sur tout le pourtour, avec des couleurs d'interf\u00e9rence fascinantes selon l'incidence de la lumi\u00e8re.<\/p>\n<p>Un point fort sur chaque bureau, \u00e9tag\u00e8re ou dans une vitrine.<\/p>\n<p>Le lieu de d\u00e9couverte de la mati\u00e8re premi\u00e8re est TULEAR - Madagascar<\/p>\n<p>Dimensions : 13 x 10 x 6 cm Poids : 1,5 kilogramme<\/p>\n<p>La 2e image montre le verso avec de superbes couleurs bleues.<\/p>","protected":false},"excerpt":{"rendered":"<p>Superbe DISPLAY DECO AAA LABRADORIT, poli sur tout le pourtour, avec des couleurs d'interf\u00e9rence fascinantes selon l'incidence de la lumi\u00e8re. Un point fort sur chaque bureau, \u00e9tag\u00e8re ou dans une vitrine. Le lieu de d\u00e9couverte de la mati\u00e8re premi\u00e8re est TULEAR - Madagascar Dimensions : 13 x 10 x 6 cm Poids : 1,5 kilogramme La deuxi\u00e8me photo montre le verso avec de superbes couleurs bleues.<\/p>","protected":false},"featured_media":6746,"template":"","meta":{"_acf_changed":false},"region":[],"product_brand":[],"product_cat":[18],"product_tag":[],"class_list":{"0":"post-6745","1":"product","2":"type-product","3":"status-publish","4":"has-post-thumbnail","6":"product_cat-geschliffene-einzelstucke","8":"first","9":"outofstock","10":"sold-individually","11":"product-type-simple"},"acf":[],"_links":{"self":[{"href":"https:\/\/westgem.shop\/fr\/wp-json\/wp\/v2\/product\/6745","targetHints":{"allow":["GET"]}}],"collection":[{"href":"https:\/\/westgem.shop\/fr\/wp-json\/wp\/v2\/product"}],"about":[{"href":"https:\/\/westgem.shop\/fr\/wp-json\/wp\/v2\/types\/product"}],"wp:featuredmedia":[{"embeddable":true,"href":"https:\/\/westgem.shop\/fr\/wp-json\/wp\/v2\/media\/6746"}],"wp:attachment":[{"href":"https:\/\/westgem.shop\/fr\/wp-json\/wp\/v2\/media?parent=6745"}],"wp:term":[{"taxonomy":"region","embeddable":true,"href":"https:\/\/westgem.shop\/fr\/wp-json\/wp\/v2\/region?post=6745"},{"taxonomy":"product_brand","embeddable":true,"href":"https:\/\/westgem.shop\/fr\/wp-json\/wp\/v2\/product_brand?post=6745"},{"taxonomy":"product_cat","embeddable":true,"href":"https:\/\/westgem.shop\/fr\/wp-json\/wp\/v2\/product_cat?post=6745"},{"taxonomy":"product_tag","embeddable":true,"href":"https:\/\/westgem.shop\/fr\/wp-json\/wp\/v2\/product_tag?post=6745"}],"curies":[{"name":"wp","href":"https:\/\/api.w.org\/{rel}","templated":true}]}}