{"id":675,"date":"2000-04-06T00:00:00","date_gmt":"2000-04-06T00:00:00","guid":{"rendered":"https:\/\/miners.rocks\/product\/150\/"},"modified":"2020-05-19T16:55:55","modified_gmt":"2020-05-19T16:55:55","slug":"bleu-de-fer-erzberg-steiermark","status":"publish","type":"product","link":"https:\/\/westgem.shop\/fr\/produit\/bleu-de-fer-erzberg-steiermark\/","title":{"rendered":"BLAUE EISENBL\u00dcTE - ERZBERG\/Styrie"},"content":{"rendered":"<p>TOP RARITAIRE !<\/p>\n<p>De superbes agr\u00e9gats d'aragonite stalagmitique - appel\u00e9s \"EISENBL\u00fcTEN\" - ont \u00e9t\u00e9 d\u00e9couverts dans l'ERZBERG styrien. La plupart des pi\u00e8ces \u00e9taient de couleur blanche ou beige-brun\u00e2tre.<\/p>\n<p><u>Cette pi\u00e8ce a une couleur BLEUE sensationnelle, on pourrait presque soup\u00e7onner une ZEIRINGITE. Il est tr\u00e8s rare de voir de telles pi\u00e8ces.<\/u><\/p>\n<p>Ancienne d\u00e9couverte de l'ERZBERG styrien - EISENERZ\/Stmk.<\/p>\n<p>Poids : 451 grammes Dimensions : 12 x 9 x 6,5 cm<\/p>\n<p>E120<\/p>","protected":false},"excerpt":{"rendered":"<p>TOP RARITAIRE ! De superbes agr\u00e9gats d'aragonite stalagmitique - appel\u00e9s \"EISENBL\u00fcTEN\" - sont connus dans l'ERZBERG styrien. La plupart des pi\u00e8ces \u00e9taient de couleur blanche ou beige-brun\u00e2tre. Cette pi\u00e8ce a une sensationnelle couleur BLEUE, on pourrait presque croire \u00e0 une ZEIRINGITE. De telles pi\u00e8ces ne sont que tr\u00e8s rarement observ\u00e9es. Ancienne d\u00e9couverte de l'ERZBERG styrien - EISENERZ\/Stmk. Poids : 451 grammes [...].<\/p>","protected":false},"featured_media":676,"template":"","meta":{"_acf_changed":false},"region":[],"product_brand":[],"product_cat":[15],"product_tag":[],"class_list":{"0":"post-675","1":"product","2":"type-product","3":"status-publish","4":"has-post-thumbnail","6":"product_cat-mineralien","8":"first","9":"outofstock","10":"sold-individually","11":"product-type-simple"},"acf":[],"_links":{"self":[{"href":"https:\/\/westgem.shop\/fr\/wp-json\/wp\/v2\/product\/675","targetHints":{"allow":["GET"]}}],"collection":[{"href":"https:\/\/westgem.shop\/fr\/wp-json\/wp\/v2\/product"}],"about":[{"href":"https:\/\/westgem.shop\/fr\/wp-json\/wp\/v2\/types\/product"}],"wp:featuredmedia":[{"embeddable":true,"href":"https:\/\/westgem.shop\/fr\/wp-json\/wp\/v2\/media\/676"}],"wp:attachment":[{"href":"https:\/\/westgem.shop\/fr\/wp-json\/wp\/v2\/media?parent=675"}],"wp:term":[{"taxonomy":"region","embeddable":true,"href":"https:\/\/westgem.shop\/fr\/wp-json\/wp\/v2\/region?post=675"},{"taxonomy":"product_brand","embeddable":true,"href":"https:\/\/westgem.shop\/fr\/wp-json\/wp\/v2\/product_brand?post=675"},{"taxonomy":"product_cat","embeddable":true,"href":"https:\/\/westgem.shop\/fr\/wp-json\/wp\/v2\/product_cat?post=675"},{"taxonomy":"product_tag","embeddable":true,"href":"https:\/\/westgem.shop\/fr\/wp-json\/wp\/v2\/product_tag?post=675"}],"curies":[{"name":"wp","href":"https:\/\/api.w.org\/{rel}","templated":true}]}}