{"id":6755,"date":"2003-05-22T00:00:00","date_gmt":"2003-05-22T00:00:00","guid":{"rendered":"https:\/\/miners.rocks\/product\/madagaskar-granat-xx\/"},"modified":"2021-09-22T22:47:57","modified_gmt":"2021-09-22T22:47:57","slug":"grenat-de-madagascar-xx","status":"publish","type":"product","link":"https:\/\/westgem.shop\/fr\/produit\/grenat-de-madagascar-xx\/","title":{"rendered":"Grenat de Madagascar xx"},"content":{"rendered":"<p>Grand niveau, cristal mixte presque noir de grenat des vari\u00e9t\u00e9s alamandine et m\u00e9lanite.<\/p>\n<p><strong>Sur une matrice de feldspath de quartz se trouvent de grands cristaux avec de belles surfaces \u00e0 ar\u00eates vives.<\/strong><\/p>\n<p>Ces marches ALMANDIN rares ont \u00e9t\u00e9 trouv\u00e9es \u00e0 BETROKKE \u00e0 Madagascar.<\/p>\n<p>Dimensions : 20 x 11 x 9 cm Poids :<strong> 1,5 kilogramme<\/strong><\/p>\n<p><strong>SUPER PRIX SP\u00c9CIAL !<\/strong><\/p>","protected":false},"excerpt":{"rendered":"<p>Grand niveau, cristal mixte presque noir de grenat des vari\u00e9t\u00e9s alamandine et m\u00e9lanite. Sur une matrice de feldspath de quartz se trouvent de grands cristaux avec de belles surfaces \u00e0 ar\u00eates vives. Le lieu de d\u00e9couverte de ces rares marches ALMANDIN est BETROKKE \u00e0 Madagascar Dimensions : 20 x 11 x 9 cm Poids : 1,5 kilogramme SUPER PRIX SPECIAL !<\/p>","protected":false},"featured_media":6756,"template":"","meta":{"_acf_changed":false},"region":[],"product_brand":[],"product_cat":[19],"product_tag":[],"class_list":{"0":"post-6755","1":"product","2":"type-product","3":"status-publish","4":"has-post-thumbnail","6":"product_cat-kristallstufen","8":"first","9":"outofstock","10":"sale","11":"sold-individually","12":"purchasable","13":"product-type-simple"},"acf":[],"_links":{"self":[{"href":"https:\/\/westgem.shop\/fr\/wp-json\/wp\/v2\/product\/6755","targetHints":{"allow":["GET"]}}],"collection":[{"href":"https:\/\/westgem.shop\/fr\/wp-json\/wp\/v2\/product"}],"about":[{"href":"https:\/\/westgem.shop\/fr\/wp-json\/wp\/v2\/types\/product"}],"wp:featuredmedia":[{"embeddable":true,"href":"https:\/\/westgem.shop\/fr\/wp-json\/wp\/v2\/media\/6756"}],"wp:attachment":[{"href":"https:\/\/westgem.shop\/fr\/wp-json\/wp\/v2\/media?parent=6755"}],"wp:term":[{"taxonomy":"region","embeddable":true,"href":"https:\/\/westgem.shop\/fr\/wp-json\/wp\/v2\/region?post=6755"},{"taxonomy":"product_brand","embeddable":true,"href":"https:\/\/westgem.shop\/fr\/wp-json\/wp\/v2\/product_brand?post=6755"},{"taxonomy":"product_cat","embeddable":true,"href":"https:\/\/westgem.shop\/fr\/wp-json\/wp\/v2\/product_cat?post=6755"},{"taxonomy":"product_tag","embeddable":true,"href":"https:\/\/westgem.shop\/fr\/wp-json\/wp\/v2\/product_tag?post=6755"}],"curies":[{"name":"wp","href":"https:\/\/api.w.org\/{rel}","templated":true}]}}