{"id":6760,"date":"2021-05-23T00:00:00","date_gmt":"2021-05-23T00:00:00","guid":{"rendered":"https:\/\/miners.rocks\/product\/tangerine-quarz-xx\/"},"modified":"2021-09-25T07:22:56","modified_gmt":"2021-09-25T07:22:56","slug":"quartz-mandarine-xx","status":"publish","type":"product","link":"https:\/\/westgem.shop\/fr\/produit\/quartz-mandarine-xx\/","title":{"rendered":"TANGERINE Quartz xx"},"content":{"rendered":"<p>TANGERINE Quartz \u00e9tage<\/p>\n<p>Le nom fait r\u00e9f\u00e9rence \u00e0 la couleur = quartz mandarine<\/p>\n<p><strong>CRISTAL DE MONTAGNE xx , clair, transparent recouvert d'oxyde de fer rouge = H\u00c9MATITE<\/strong><\/p>\n<p>Ces quartz color\u00e9s ne sont pas faciles \u00e0 obtenir et sont visuellement int\u00e9ressants.<\/p>\n<p>Le lieu de d\u00e9couverte de ces pi\u00e8ces est <strong>MUMBWE - Zambie - Afrique<\/strong><\/p>\n<p>Dimensions : 14 x 8 x 3 cm<\/p>\n<p>poids : 400 g<\/p>","protected":false},"excerpt":{"rendered":"<p>TANGERINE Quartz Le nom fait r\u00e9f\u00e9rence \u00e0 la couleur = quartz mandarine CRISTAL DE MONTAGNE xx , clair, transparent recouvert d'oxyde de fer rouge = H\u00c9MATITE Ces quartz color\u00e9s ne sont pas faciles \u00e0 obtenir et sont visuellement int\u00e9ressants. Le lieu de d\u00e9couverte de ces pi\u00e8ces est MUMBWE - Zambie - Afrique Dimensions : 14 x 8 x 3 cm Poids : 400 g<\/p>","protected":false},"featured_media":6761,"template":"","meta":{"_acf_changed":false},"region":[],"product_brand":[],"product_cat":[19],"product_tag":[],"class_list":{"0":"post-6760","1":"product","2":"type-product","3":"status-publish","4":"has-post-thumbnail","6":"product_cat-kristallstufen","8":"first","9":"outofstock","10":"sold-individually","11":"purchasable","12":"product-type-simple"},"acf":[],"_links":{"self":[{"href":"https:\/\/westgem.shop\/fr\/wp-json\/wp\/v2\/product\/6760","targetHints":{"allow":["GET"]}}],"collection":[{"href":"https:\/\/westgem.shop\/fr\/wp-json\/wp\/v2\/product"}],"about":[{"href":"https:\/\/westgem.shop\/fr\/wp-json\/wp\/v2\/types\/product"}],"wp:featuredmedia":[{"embeddable":true,"href":"https:\/\/westgem.shop\/fr\/wp-json\/wp\/v2\/media\/6761"}],"wp:attachment":[{"href":"https:\/\/westgem.shop\/fr\/wp-json\/wp\/v2\/media?parent=6760"}],"wp:term":[{"taxonomy":"region","embeddable":true,"href":"https:\/\/westgem.shop\/fr\/wp-json\/wp\/v2\/region?post=6760"},{"taxonomy":"product_brand","embeddable":true,"href":"https:\/\/westgem.shop\/fr\/wp-json\/wp\/v2\/product_brand?post=6760"},{"taxonomy":"product_cat","embeddable":true,"href":"https:\/\/westgem.shop\/fr\/wp-json\/wp\/v2\/product_cat?post=6760"},{"taxonomy":"product_tag","embeddable":true,"href":"https:\/\/westgem.shop\/fr\/wp-json\/wp\/v2\/product_tag?post=6760"}],"curies":[{"name":"wp","href":"https:\/\/api.w.org\/{rel}","templated":true}]}}