{"id":6765,"date":"2021-08-24T00:00:00","date_gmt":"2021-08-24T00:00:00","guid":{"rendered":"https:\/\/miners.rocks\/product\/aegirin-xxorthoklas-xxx-zirkon-xx\/"},"modified":"2021-09-26T06:46:16","modified_gmt":"2021-09-26T06:46:16","slug":"aegirin-xxorthoklas-xxx-zircon-xx","status":"publish","type":"product","link":"https:\/\/westgem.shop\/fr\/produit\/aegirin-xxorthoklas-xxx-zircon-xx\/","title":{"rendered":"AEGIRIN xx ORTHOKLAS xx ZIRCON xx"},"content":{"rendered":"<p>Paragen\u00e8se int\u00e9ressante d'un min\u00e9ral relativement rare<\/p>\n<p><strong>AEGIRIN xx cristaux prismatiques longs, d'un noir profond et brillant, de la classe min\u00e9rale des silicates et germanates, avec ORTHOKLAS xx blanc et ZIRCON xx brun clair<\/strong><\/p>\n<p>Superbe pi\u00e8ce avec<strong>t cristaux non endommag\u00e9s<\/strong><\/p>\n<p>Le lieu de d\u00e9couverte de ces marches est ZOMBA MALOSA \u00e0 MALAWI - Afrique<\/p>\n<p>Dimensions : 11 x 8 x 5 cm<\/p>\n<p>Poids : 300 g<\/p>","protected":false},"excerpt":{"rendered":"<p>Paragen\u00e8se int\u00e9ressante d'un min\u00e9ral relativement rare AEGIRIN xx cristaux prismatiques longs, d'un noir profond et brillant, de la classe min\u00e9rale des silicates et germanates, avec des ORTHOKLAS xx blancs et des ZIRCON xx brun clair Superbe pi\u00e8ce avec des cristaux intacts Le lieu de d\u00e9couverte de ces niveaux est ZOMBA MALOSA \u00e0 MALAWI - Afrique Dimensions : 11 x 8 x 5 cm Poids : 300 g<\/p>","protected":false},"featured_media":6766,"template":"","meta":{"_acf_changed":false},"region":[],"product_brand":[],"product_cat":[19],"product_tag":[],"class_list":{"0":"post-6765","1":"product","2":"type-product","3":"status-publish","4":"has-post-thumbnail","6":"product_cat-kristallstufen","8":"first","9":"instock","10":"sold-individually","11":"purchasable","12":"product-type-simple"},"acf":[],"_links":{"self":[{"href":"https:\/\/westgem.shop\/fr\/wp-json\/wp\/v2\/product\/6765","targetHints":{"allow":["GET"]}}],"collection":[{"href":"https:\/\/westgem.shop\/fr\/wp-json\/wp\/v2\/product"}],"about":[{"href":"https:\/\/westgem.shop\/fr\/wp-json\/wp\/v2\/types\/product"}],"wp:featuredmedia":[{"embeddable":true,"href":"https:\/\/westgem.shop\/fr\/wp-json\/wp\/v2\/media\/6766"}],"wp:attachment":[{"href":"https:\/\/westgem.shop\/fr\/wp-json\/wp\/v2\/media?parent=6765"}],"wp:term":[{"taxonomy":"region","embeddable":true,"href":"https:\/\/westgem.shop\/fr\/wp-json\/wp\/v2\/region?post=6765"},{"taxonomy":"product_brand","embeddable":true,"href":"https:\/\/westgem.shop\/fr\/wp-json\/wp\/v2\/product_brand?post=6765"},{"taxonomy":"product_cat","embeddable":true,"href":"https:\/\/westgem.shop\/fr\/wp-json\/wp\/v2\/product_cat?post=6765"},{"taxonomy":"product_tag","embeddable":true,"href":"https:\/\/westgem.shop\/fr\/wp-json\/wp\/v2\/product_tag?post=6765"}],"curies":[{"name":"wp","href":"https:\/\/api.w.org\/{rel}","templated":true}]}}