{"id":6769,"date":"2003-05-25T00:00:00","date_gmt":"2003-05-25T00:00:00","guid":{"rendered":"https:\/\/miners.rocks\/product\/neu-chrysokoll-2\/"},"modified":"2021-09-22T22:47:58","modified_gmt":"2021-09-22T22:47:58","slug":"nouveau-chrysocolle-2","status":"publish","type":"product","link":"https:\/\/westgem.shop\/fr\/produit\/nouveau-chrysocolle-2\/","title":{"rendered":"NOUVEAU - CHRYSOCOLLE"},"content":{"rendered":"<p>Niveau CHRYSOKOLL tr\u00e8s intense en couleur.<\/p>\n<p>Botroyo\u00efdes - formations sessiles du c\u00e9l\u00e8bre min\u00e9ral de cuivre.<\/p>\n<p>Sous le CHRYSOCOLL bleu intense, une fine couche de malachite vert fonc\u00e9 est bien visible.<\/p>\n<p>Cette mati\u00e8re premi\u00e8re naturelle a \u00e9t\u00e9 trouv\u00e9e \u00e0 KOLWEZI - Congo - Afrique.<\/p>\n<p>Dimensions : 11 x 10 x 4 cm Poids : 250 g<\/p>","protected":false},"excerpt":{"rendered":"<p>Niveau CHRYSOKOLL tr\u00e8s intense en couleur. Formations botroyo\u00efdes en grappes du c\u00e9l\u00e8bre min\u00e9ral de cuivre. Sous le CHRYSOKOLL bleu intense, une fine couche de malachite vert fonc\u00e9 est bien visible. Le lieu de d\u00e9couverte de cette mati\u00e8re premi\u00e8re naturelle est KOLWEZI - Congo - Afrique Dimensions : 11 x 10 x 4 cm Poids : 250 g<\/p>","protected":false},"featured_media":6770,"template":"","meta":{"_acf_changed":false},"region":[],"product_brand":[],"product_cat":[19],"product_tag":[],"class_list":{"0":"post-6769","1":"product","2":"type-product","3":"status-publish","4":"has-post-thumbnail","6":"product_cat-kristallstufen","8":"first","9":"outofstock","10":"sold-individually","11":"purchasable","12":"product-type-simple"},"acf":[],"_links":{"self":[{"href":"https:\/\/westgem.shop\/fr\/wp-json\/wp\/v2\/product\/6769","targetHints":{"allow":["GET"]}}],"collection":[{"href":"https:\/\/westgem.shop\/fr\/wp-json\/wp\/v2\/product"}],"about":[{"href":"https:\/\/westgem.shop\/fr\/wp-json\/wp\/v2\/types\/product"}],"wp:featuredmedia":[{"embeddable":true,"href":"https:\/\/westgem.shop\/fr\/wp-json\/wp\/v2\/media\/6770"}],"wp:attachment":[{"href":"https:\/\/westgem.shop\/fr\/wp-json\/wp\/v2\/media?parent=6769"}],"wp:term":[{"taxonomy":"region","embeddable":true,"href":"https:\/\/westgem.shop\/fr\/wp-json\/wp\/v2\/region?post=6769"},{"taxonomy":"product_brand","embeddable":true,"href":"https:\/\/westgem.shop\/fr\/wp-json\/wp\/v2\/product_brand?post=6769"},{"taxonomy":"product_cat","embeddable":true,"href":"https:\/\/westgem.shop\/fr\/wp-json\/wp\/v2\/product_cat?post=6769"},{"taxonomy":"product_tag","embeddable":true,"href":"https:\/\/westgem.shop\/fr\/wp-json\/wp\/v2\/product_tag?post=6769"}],"curies":[{"name":"wp","href":"https:\/\/api.w.org\/{rel}","templated":true}]}}