{"id":6777,"date":"2021-06-27T00:00:00","date_gmt":"2021-06-27T00:00:00","guid":{"rendered":"https:\/\/miners.rocks\/product\/1-a-prehnit-xx\/"},"modified":"2021-09-07T13:36:47","modified_gmt":"2021-09-07T13:36:47","slug":"1-a-prehnit-xx","status":"publish","type":"product","link":"https:\/\/westgem.shop\/fr\/produit\/1-a-prehnit-xx\/","title":{"rendered":"1 A PREHNIT xx sur basalte volcanique"},"content":{"rendered":"<p>Niveau TOP<\/p>\n<p><strong>Cristaux de PREHNIT xx en grappe, sph\u00e9riques, sur du BASALT volcanique grossier.<\/strong><\/p>\n<p>Les PREHNITES vertes de Namibie, en particulier, sont \u00e9galement appel\u00e9es \"chrysolithe du Cap\" ou \"\u00e9meraude du Cap\".<\/p>\n<p>Superbe pi\u00e8ce de DECO.<\/p>\n<p>localisation de la trouvaille : TAFELKOP - BRANDBERG - NAMIBIA<\/p>\n<p>Dimensions : 16 x 11 x 10 cm<\/p>\n<p>poids :<strong> 1,6 kilogramme<\/strong><\/p>","protected":false},"excerpt":{"rendered":"<p>TOP niveau Cristaux de PREHNIT xx en grappes, sph\u00e9riques, sur du BASALT volcanique solide. Les PREHNITES vertes de Namibie sont \u00e9galement appel\u00e9es \"chrysolithe du Cap\" ou \"\u00e9meraude du Cap\". Lieu de d\u00e9couverte : TAFELKOP - BRANDBERG - NAMIBIA Dimensions : 16 x 11 x 10 cm Poids : 1,6 kilogrammes<\/p>","protected":false},"featured_media":6778,"template":"","meta":{"_acf_changed":false},"region":[62],"product_brand":[],"product_cat":[19],"product_tag":[],"class_list":{"0":"post-6777","1":"product","2":"type-product","3":"status-publish","4":"has-post-thumbnail","6":"region-afrika","7":"product_cat-kristallstufen","9":"first","10":"instock","11":"sold-individually","12":"purchasable","13":"product-type-simple"},"acf":[],"_links":{"self":[{"href":"https:\/\/westgem.shop\/fr\/wp-json\/wp\/v2\/product\/6777","targetHints":{"allow":["GET"]}}],"collection":[{"href":"https:\/\/westgem.shop\/fr\/wp-json\/wp\/v2\/product"}],"about":[{"href":"https:\/\/westgem.shop\/fr\/wp-json\/wp\/v2\/types\/product"}],"wp:featuredmedia":[{"embeddable":true,"href":"https:\/\/westgem.shop\/fr\/wp-json\/wp\/v2\/media\/6778"}],"wp:attachment":[{"href":"https:\/\/westgem.shop\/fr\/wp-json\/wp\/v2\/media?parent=6777"}],"wp:term":[{"taxonomy":"region","embeddable":true,"href":"https:\/\/westgem.shop\/fr\/wp-json\/wp\/v2\/region?post=6777"},{"taxonomy":"product_brand","embeddable":true,"href":"https:\/\/westgem.shop\/fr\/wp-json\/wp\/v2\/product_brand?post=6777"},{"taxonomy":"product_cat","embeddable":true,"href":"https:\/\/westgem.shop\/fr\/wp-json\/wp\/v2\/product_cat?post=6777"},{"taxonomy":"product_tag","embeddable":true,"href":"https:\/\/westgem.shop\/fr\/wp-json\/wp\/v2\/product_tag?post=6777"}],"curies":[{"name":"wp","href":"https:\/\/api.w.org\/{rel}","templated":true}]}}