{"id":6793,"date":"2021-08-01T00:00:00","date_gmt":"2021-08-01T00:00:00","guid":{"rendered":"https:\/\/miners.rocks\/product\/1a-stufe-phantom-fluorit-xx\/"},"modified":"2021-11-14T19:30:37","modified_gmt":"2021-11-14T19:30:37","slug":"1a-niveau-fantomatique-fluorite-xx","status":"publish","type":"product","link":"https:\/\/westgem.shop\/fr\/produit\/1a-niveau-fantomatique-fluorite-xx\/","title":{"rendered":"\"Phantom\" FLUORIT xx"},"content":{"rendered":"<p><strong>Grand niveau Top Fluorite<\/strong><\/p>\n<p>FLUORITE - CaF2 - Syst\u00e8me cristallin cubique , formation hydrothermale il y a environ 300 millions d'ann\u00e9es<\/p>\n<p>Cristaux xx de couleur violette, \u00e0 peu pr\u00e8s opaques, et cristaux vert \u00e9meraude tr\u00e8s clairs avec des structures PHANTOM myst\u00e9rieuses<\/p>\n<p>Je n'ai jamais vu de telles pi\u00e8ces, m\u00eame \u00e0 Madagascar. ! !<\/p>\n<p>localisation de la trouvaille : Mandronarivo - Toliara Prov. - Madagascar<\/p>\n<p>Dimensions : 19 x 14 x 8 cm<\/p>\n<p><strong>Poids : 2,4 kilogrammes.<\/strong><\/p>\n<p>La derni\u00e8re image montre les marches du bas<\/p>\n<p>&nbsp;<\/p>","protected":false},"excerpt":{"rendered":"<p>Grande Fluorite Top Niveau FLUORITE - CaF2 - Syst\u00e8me cristallin cubique , formation hydrothermale il y a environ 300 millions d'ann\u00e9es Cristaux de couleur violette, xx \u00e0 peu pr\u00e8s trouble et vert \u00e9meraude tr\u00e8s clair avec des structures PHANTOM myst\u00e9rieuses Des pi\u00e8ces aussi magnifiques ne sont pratiquement plus visibles \u00e0 Madagascar . ! ! Lieu de d\u00e9couverte : Mandronarivo - Toliara Prov - Madagascar Dimensions : [...]<\/p>","protected":false},"featured_media":6794,"template":"","meta":{"_acf_changed":false},"region":[62],"product_brand":[],"product_cat":[19],"product_tag":[],"class_list":{"0":"post-6793","1":"product","2":"type-product","3":"status-publish","4":"has-post-thumbnail","6":"region-afrika","7":"product_cat-kristallstufen","9":"first","10":"outofstock","11":"sold-individually","12":"purchasable","13":"product-type-simple"},"acf":[],"_links":{"self":[{"href":"https:\/\/westgem.shop\/fr\/wp-json\/wp\/v2\/product\/6793","targetHints":{"allow":["GET"]}}],"collection":[{"href":"https:\/\/westgem.shop\/fr\/wp-json\/wp\/v2\/product"}],"about":[{"href":"https:\/\/westgem.shop\/fr\/wp-json\/wp\/v2\/types\/product"}],"wp:featuredmedia":[{"embeddable":true,"href":"https:\/\/westgem.shop\/fr\/wp-json\/wp\/v2\/media\/6794"}],"wp:attachment":[{"href":"https:\/\/westgem.shop\/fr\/wp-json\/wp\/v2\/media?parent=6793"}],"wp:term":[{"taxonomy":"region","embeddable":true,"href":"https:\/\/westgem.shop\/fr\/wp-json\/wp\/v2\/region?post=6793"},{"taxonomy":"product_brand","embeddable":true,"href":"https:\/\/westgem.shop\/fr\/wp-json\/wp\/v2\/product_brand?post=6793"},{"taxonomy":"product_cat","embeddable":true,"href":"https:\/\/westgem.shop\/fr\/wp-json\/wp\/v2\/product_cat?post=6793"},{"taxonomy":"product_tag","embeddable":true,"href":"https:\/\/westgem.shop\/fr\/wp-json\/wp\/v2\/product_tag?post=6793"}],"curies":[{"name":"wp","href":"https:\/\/api.w.org\/{rel}","templated":true}]}}