{"id":6799,"date":"2022-07-16T00:00:00","date_gmt":"2022-07-16T00:00:00","guid":{"rendered":"https:\/\/miners.rocks\/product\/top-stufe-prehnit-xx\/"},"modified":"2022-09-24T11:43:24","modified_gmt":"2022-09-24T11:43:24","slug":"niveau-superieur-prehnit-xx","status":"publish","type":"product","link":"https:\/\/westgem.shop\/fr\/produit\/niveau-superieur-prehnit-xx\/","title":{"rendered":"1 A PREHNIT xx - Namibie"},"content":{"rendered":"<p><strong>Niveau TOP<\/strong> - rarement vu en Europe !<\/p>\n<p>&nbsp;<\/p>\n<p><strong>Agr\u00e9gats de cristaux sph\u00e9riques de PREHNIT vert clair avec du quartz et de la CALCITE sur du BASALT volcanique fonc\u00e9.<\/strong><\/p>\n<p><strong>PREHNIT<\/strong> est un min\u00e9ral de calcium et d'aluminium de la classe des silicates et des germanates, \u00e9galement pr\u00e9sent dans les couleurs blanc, jaune et brun\u00e2tre.<\/p>\n<p>Le site <strong>PREHENITE des montagnes Goboseb en <\/strong><strong>Namibie sont principalement verd\u00e2tres et sont \u00e9galement appel\u00e9s<\/strong><\/p>\n<p>&#8222;<strong>Cap Chrysolite<\/strong> \".<\/p>\n<p>Lieu de d\u00e9couverte :<strong> Vioolsdrift - Montagne de Goboboseb - Namibie - Afrique<\/strong><\/p>\n<p>Dimensions : 18 x 14 x 19 cm<\/p>\n<p>poids :<strong> 1,45 kilogramme<\/strong><\/p>\n<p>Les deux derni\u00e8res photos montrent les marches du bas.<\/p>\n<p><strong>SUPER PRIX ! !!<\/strong><\/p>","protected":false},"excerpt":{"rendered":"<p>Niveau TOP - rarement vu en Europe !   Agr\u00e9gats de cristaux sph\u00e9riques de PREHNIT vert clair avec du quartz et de la CALCITE sur du BASALT volcanique fonc\u00e9. La PREHNITE est un min\u00e9ral de calcium et d'aluminium de la classe des silicates et des germanates, \u00e9galement disponible en blanc, jaune et brun\u00e2tre. Les PREHENITES des montagnes Goboseb en Namibie sont principalement [...].<\/p>","protected":false},"featured_media":12143,"template":"","meta":{"_acf_changed":false},"region":[62],"product_brand":[],"product_cat":[19],"product_tag":[],"class_list":{"0":"post-6799","1":"product","2":"type-product","3":"status-publish","4":"has-post-thumbnail","6":"region-afrika","7":"product_cat-kristallstufen","9":"first","10":"instock","11":"sold-individually","12":"purchasable","13":"product-type-simple"},"acf":[],"_links":{"self":[{"href":"https:\/\/westgem.shop\/fr\/wp-json\/wp\/v2\/product\/6799","targetHints":{"allow":["GET"]}}],"collection":[{"href":"https:\/\/westgem.shop\/fr\/wp-json\/wp\/v2\/product"}],"about":[{"href":"https:\/\/westgem.shop\/fr\/wp-json\/wp\/v2\/types\/product"}],"wp:featuredmedia":[{"embeddable":true,"href":"https:\/\/westgem.shop\/fr\/wp-json\/wp\/v2\/media\/12143"}],"wp:attachment":[{"href":"https:\/\/westgem.shop\/fr\/wp-json\/wp\/v2\/media?parent=6799"}],"wp:term":[{"taxonomy":"region","embeddable":true,"href":"https:\/\/westgem.shop\/fr\/wp-json\/wp\/v2\/region?post=6799"},{"taxonomy":"product_brand","embeddable":true,"href":"https:\/\/westgem.shop\/fr\/wp-json\/wp\/v2\/product_brand?post=6799"},{"taxonomy":"product_cat","embeddable":true,"href":"https:\/\/westgem.shop\/fr\/wp-json\/wp\/v2\/product_cat?post=6799"},{"taxonomy":"product_tag","embeddable":true,"href":"https:\/\/westgem.shop\/fr\/wp-json\/wp\/v2\/product_tag?post=6799"}],"curies":[{"name":"wp","href":"https:\/\/api.w.org\/{rel}","templated":true}]}}