{"id":680,"date":"2000-04-07T00:00:00","date_gmt":"2000-04-07T00:00:00","guid":{"rendered":"https:\/\/miners.rocks\/product\/151\/"},"modified":"2020-05-19T16:55:55","modified_gmt":"2020-05-19T16:55:55","slug":"niveau-de-cristal-de-gypse-selenit-xx-bad-ischl","status":"publish","type":"product","link":"https:\/\/westgem.shop\/fr\/produit\/niveau-de-cristal-de-gypse-selenit-xx-bad-ischl\/","title":{"rendered":"\u00c9TUDE DE CRISTAL DE GIPS - SELENIT xx BAD ISCHL"},"content":{"rendered":"<p>Ce niveau de premi\u00e8re qualit\u00e9 provient d'une ancienne d\u00e9couverte de la mine de sel de Lauffen, situ\u00e9e \u00e0 environ 4 km au sud de Bad Ischl dans le Haselgebirge et faisant partie du corps salin du Hallst\u00e4tter Decke.<\/p>\n<p>Cristaux tr\u00e8s transparents avec des faces terminales typiques en queue d'aronde.<\/p>\n<p>Poids : 545 grammes Dimensions : 15 x 12 x 5 cm<\/p>","protected":false},"excerpt":{"rendered":"<p>Ce niveau de premi\u00e8re qualit\u00e9 provient d'une ancienne d\u00e9couverte des mines de sel de Lauffen, situ\u00e9es \u00e0 environ 4 km au sud de Bad Ischl dans le Haselgebirge et appartenant au corps salin du Hallst\u00e4tter Decke. Cristaux tr\u00e8s transparents avec des faces terminales typiques en queue d'aronde. Poids : 545 grammes Dimensions : 15 x 12 x 5 cm<\/p>","protected":false},"featured_media":681,"template":"","meta":{"_acf_changed":false},"region":[],"product_brand":[],"product_cat":[15],"product_tag":[],"class_list":{"0":"post-680","1":"product","2":"type-product","3":"status-publish","4":"has-post-thumbnail","6":"product_cat-mineralien","8":"first","9":"outofstock","10":"sold-individually","11":"product-type-simple"},"acf":[],"_links":{"self":[{"href":"https:\/\/westgem.shop\/fr\/wp-json\/wp\/v2\/product\/680","targetHints":{"allow":["GET"]}}],"collection":[{"href":"https:\/\/westgem.shop\/fr\/wp-json\/wp\/v2\/product"}],"about":[{"href":"https:\/\/westgem.shop\/fr\/wp-json\/wp\/v2\/types\/product"}],"wp:featuredmedia":[{"embeddable":true,"href":"https:\/\/westgem.shop\/fr\/wp-json\/wp\/v2\/media\/681"}],"wp:attachment":[{"href":"https:\/\/westgem.shop\/fr\/wp-json\/wp\/v2\/media?parent=680"}],"wp:term":[{"taxonomy":"region","embeddable":true,"href":"https:\/\/westgem.shop\/fr\/wp-json\/wp\/v2\/region?post=680"},{"taxonomy":"product_brand","embeddable":true,"href":"https:\/\/westgem.shop\/fr\/wp-json\/wp\/v2\/product_brand?post=680"},{"taxonomy":"product_cat","embeddable":true,"href":"https:\/\/westgem.shop\/fr\/wp-json\/wp\/v2\/product_cat?post=680"},{"taxonomy":"product_tag","embeddable":true,"href":"https:\/\/westgem.shop\/fr\/wp-json\/wp\/v2\/product_tag?post=680"}],"curies":[{"name":"wp","href":"https:\/\/api.w.org\/{rel}","templated":true}]}}