{"id":6808,"date":"2003-06-02T00:00:00","date_gmt":"2003-06-02T00:00:00","guid":{"rendered":"https:\/\/miners.rocks\/product\/stichtit-in-serpentin\/"},"modified":"2021-03-16T11:47:38","modified_gmt":"2021-03-16T11:47:38","slug":"stichtite-en-serpentine","status":"publish","type":"product","link":"https:\/\/westgem.shop\/fr\/produit\/stichtite-en-serpentine\/","title":{"rendered":"STICHTIT en SERPENTIN"},"content":{"rendered":"<p>Tr\u00e8s Rare \u00e0 voir.<\/p>\n<p>Freeform avec surface d'appui, taill\u00e9e et polie<\/p>\n<p>STICHTITE - un min\u00e9ral de magn\u00e9sium chromite de couleur pourpre, sous forme de veines dans une SERPENTINE verd\u00e2tre.<\/p>\n<p>Le lieu de d\u00e9couverte de la mati\u00e8re premi\u00e8re est BERBERTON en Afrique du Sud \/ La localit\u00e9 type est en Tasmanie - Australie<\/p>\n<p>Dimensions:9 x 4 cm Poids : 140 g<\/p>","protected":false},"excerpt":{"rendered":"<p>Tr\u00e8s RARE \u00e0 voir. Freeform avec base, taill\u00e9e et polie STICHTITE - un min\u00e9ral de magn\u00e9sium chromite de couleur pourpre, sous forme de veines dans une SERPENTINE verd\u00e2tre. Le lieu de d\u00e9couverte de la mati\u00e8re premi\u00e8re est BERBERTON en Afrique du Sud \/ la localit\u00e9 type est en Tasmanie - Australie Dimensions:9 x 4 cm Poids : 140 g<\/p>","protected":false},"featured_media":6809,"template":"","meta":{"_acf_changed":false},"region":[],"product_brand":[],"product_cat":[18],"product_tag":[],"class_list":{"0":"post-6808","1":"product","2":"type-product","3":"status-publish","4":"has-post-thumbnail","6":"product_cat-geschliffene-einzelstucke","8":"first","9":"outofstock","10":"sold-individually","11":"product-type-simple"},"acf":[],"_links":{"self":[{"href":"https:\/\/westgem.shop\/fr\/wp-json\/wp\/v2\/product\/6808","targetHints":{"allow":["GET"]}}],"collection":[{"href":"https:\/\/westgem.shop\/fr\/wp-json\/wp\/v2\/product"}],"about":[{"href":"https:\/\/westgem.shop\/fr\/wp-json\/wp\/v2\/types\/product"}],"wp:featuredmedia":[{"embeddable":true,"href":"https:\/\/westgem.shop\/fr\/wp-json\/wp\/v2\/media\/6809"}],"wp:attachment":[{"href":"https:\/\/westgem.shop\/fr\/wp-json\/wp\/v2\/media?parent=6808"}],"wp:term":[{"taxonomy":"region","embeddable":true,"href":"https:\/\/westgem.shop\/fr\/wp-json\/wp\/v2\/region?post=6808"},{"taxonomy":"product_brand","embeddable":true,"href":"https:\/\/westgem.shop\/fr\/wp-json\/wp\/v2\/product_brand?post=6808"},{"taxonomy":"product_cat","embeddable":true,"href":"https:\/\/westgem.shop\/fr\/wp-json\/wp\/v2\/product_cat?post=6808"},{"taxonomy":"product_tag","embeddable":true,"href":"https:\/\/westgem.shop\/fr\/wp-json\/wp\/v2\/product_tag?post=6808"}],"curies":[{"name":"wp","href":"https:\/\/api.w.org\/{rel}","templated":true}]}}