{"id":6813,"date":"2021-09-24T00:00:00","date_gmt":"2021-09-24T00:00:00","guid":{"rendered":"https:\/\/miners.rocks\/product\/dragon-stone\/"},"modified":"2021-12-23T10:16:32","modified_gmt":"2021-12-23T10:16:32","slug":"pierre-de-dragon","status":"publish","type":"product","link":"https:\/\/westgem.shop\/fr\/produit\/pierre-de-dragon\/","title":{"rendered":"DRAGON STONE - Tshipise\/Afrique du Sud"},"content":{"rendered":"<p><strong>Dragon Blood Stone\u00a0<\/strong><\/p>\n<p><strong>Exquise pierre DEKO - taill\u00e9e et polie au top<\/strong><\/p>\n<p>A peine visible quelque part.<\/p>\n<p>Cette combinaison de min\u00e9raux est <strong>exclusivement en Afrique du Sud.<\/strong><\/p>\n<p><strong>PIEMONTITE rouge et EPIDOT vert avec de superbes structures.<\/strong><\/p>\n<p>Le lieu de d\u00e9couverte de la mati\u00e8re premi\u00e8re est <strong>TSHIPISE - R\u00e9gion du Cap Nord - Afrique du Sud<\/strong><\/p>\n<p>Dimensions : 14 x 10 x 5 cm<\/p>\n<p>Poids de la sculpture :<strong> 1,1 kilogramme<\/strong><\/p>\n<p>La derni\u00e8re image montre le stand<\/p>","protected":false},"excerpt":{"rendered":"<p>Dragon Blood Stone Exquise pierre DEKO - taill\u00e9e et polie au top On ne la voit presque nulle part. Cette combinaison de min\u00e9raux se trouve exclusivement en Afrique du Sud. PIEMONTITE rouge et EPIDOT vert avec de superbes structures. La mati\u00e8re premi\u00e8re a \u00e9t\u00e9 trouv\u00e9e \u00e0 TSHIPISE - r\u00e9gion du Cap Nord - Afrique du Sud Dimensions : 14 x 10 x 5 cm Poids de la sculpture : 1,1 kilogramme Le dernier [...]<\/p>","protected":false},"featured_media":6814,"template":"","meta":{"_acf_changed":false},"region":[],"product_brand":[],"product_cat":[18],"product_tag":[],"class_list":{"0":"post-6813","1":"product","2":"type-product","3":"status-publish","4":"has-post-thumbnail","6":"product_cat-geschliffene-einzelstucke","8":"first","9":"outofstock","10":"sold-individually","11":"purchasable","12":"product-type-simple"},"acf":[],"_links":{"self":[{"href":"https:\/\/westgem.shop\/fr\/wp-json\/wp\/v2\/product\/6813","targetHints":{"allow":["GET"]}}],"collection":[{"href":"https:\/\/westgem.shop\/fr\/wp-json\/wp\/v2\/product"}],"about":[{"href":"https:\/\/westgem.shop\/fr\/wp-json\/wp\/v2\/types\/product"}],"wp:featuredmedia":[{"embeddable":true,"href":"https:\/\/westgem.shop\/fr\/wp-json\/wp\/v2\/media\/6814"}],"wp:attachment":[{"href":"https:\/\/westgem.shop\/fr\/wp-json\/wp\/v2\/media?parent=6813"}],"wp:term":[{"taxonomy":"region","embeddable":true,"href":"https:\/\/westgem.shop\/fr\/wp-json\/wp\/v2\/region?post=6813"},{"taxonomy":"product_brand","embeddable":true,"href":"https:\/\/westgem.shop\/fr\/wp-json\/wp\/v2\/product_brand?post=6813"},{"taxonomy":"product_cat","embeddable":true,"href":"https:\/\/westgem.shop\/fr\/wp-json\/wp\/v2\/product_cat?post=6813"},{"taxonomy":"product_tag","embeddable":true,"href":"https:\/\/westgem.shop\/fr\/wp-json\/wp\/v2\/product_tag?post=6813"}],"curies":[{"name":"wp","href":"https:\/\/api.w.org\/{rel}","templated":true}]}}