{"id":6818,"date":"2003-06-04T00:00:00","date_gmt":"2003-06-04T00:00:00","guid":{"rendered":"https:\/\/miners.rocks\/product\/superstufe-zambia\/"},"modified":"2021-07-04T09:05:49","modified_gmt":"2021-07-04T09:05:49","slug":"super-niveau-zambie","status":"publish","type":"product","link":"https:\/\/westgem.shop\/fr\/produit\/super-niveau-zambie\/","title":{"rendered":"SUPER NIVEAU - ZAMBIE"},"content":{"rendered":"<p>Un \"niveau marteau\" absolu en quartz !<\/p>\n<p><strong>Vari\u00e9t\u00e9s de quartz de diff\u00e9rentes couleurs<\/strong><\/p>\n<p><strong>Cristal de roche xx , clair transparent avec des pointes violettes AMETHYST et de l'autre c\u00f4t\u00e9<\/strong><\/p>\n<p><strong>TANGERINE Quartz xx, color\u00e9 en rouge par l'oxyde de fer - H\u00c9MATITE<\/strong><\/p>\n<p>Une pi\u00e8ce unique exquise, on ne voit que tr\u00e8s rarement une telle chose.<\/p>\n<p>localisation de la trouvaille : MAPETISE - Zambie - Afrique<\/p>\n<p>Dimensions:19 x 16 x 12 cm Poids :<strong> 1,90 kilogramme<\/strong><\/p>\n<p><strong>R\u00c9DUIT DE \u20ac 100.- ! !!<\/strong><\/p>","protected":false},"excerpt":{"rendered":"<p>Un niveau de quartz absolument \"marteau\" ! Vari\u00e9t\u00e9s de quartz de couleurs diff\u00e9rentes Cristal de roche xx , transparent avec des pointes d'AMETHYSTE violettes et de l'autre c\u00f4t\u00e9 Quartz TANGERINE xx, color\u00e9 en rouge par de l'oxyde de fer - HEMATITE Pi\u00e8ce unique exquise, on ne voit que tr\u00e8s rarement une telle chose. Lieu de d\u00e9couverte : MAPETISE - Zambie - Afrique Dimensions:19 x 16 x 12 cm Poids : [...].<\/p>","protected":false},"featured_media":6819,"template":"","meta":{"_acf_changed":false},"region":[],"product_brand":[],"product_cat":[19],"product_tag":[],"class_list":{"0":"post-6818","1":"product","2":"type-product","3":"status-publish","4":"has-post-thumbnail","6":"product_cat-kristallstufen","8":"first","9":"outofstock","10":"sale","11":"sold-individually","12":"purchasable","13":"product-type-simple"},"acf":[],"_links":{"self":[{"href":"https:\/\/westgem.shop\/fr\/wp-json\/wp\/v2\/product\/6818","targetHints":{"allow":["GET"]}}],"collection":[{"href":"https:\/\/westgem.shop\/fr\/wp-json\/wp\/v2\/product"}],"about":[{"href":"https:\/\/westgem.shop\/fr\/wp-json\/wp\/v2\/types\/product"}],"wp:featuredmedia":[{"embeddable":true,"href":"https:\/\/westgem.shop\/fr\/wp-json\/wp\/v2\/media\/6819"}],"wp:attachment":[{"href":"https:\/\/westgem.shop\/fr\/wp-json\/wp\/v2\/media?parent=6818"}],"wp:term":[{"taxonomy":"region","embeddable":true,"href":"https:\/\/westgem.shop\/fr\/wp-json\/wp\/v2\/region?post=6818"},{"taxonomy":"product_brand","embeddable":true,"href":"https:\/\/westgem.shop\/fr\/wp-json\/wp\/v2\/product_brand?post=6818"},{"taxonomy":"product_cat","embeddable":true,"href":"https:\/\/westgem.shop\/fr\/wp-json\/wp\/v2\/product_cat?post=6818"},{"taxonomy":"product_tag","embeddable":true,"href":"https:\/\/westgem.shop\/fr\/wp-json\/wp\/v2\/product_tag?post=6818"}],"curies":[{"name":"wp","href":"https:\/\/api.w.org\/{rel}","templated":true}]}}