{"id":6829,"date":"2022-07-01T00:00:00","date_gmt":"2022-07-01T00:00:00","guid":{"rendered":"https:\/\/miners.rocks\/product\/madagaskar-granat-xx-2\/"},"modified":"2022-08-29T14:35:00","modified_gmt":"2022-08-29T14:35:00","slug":"grenat-de-madagascar-xx-2","status":"publish","type":"product","link":"https:\/\/westgem.shop\/fr\/produit\/grenat-de-madagascar-xx-2\/","title":{"rendered":"Madagascar GRANAT xx"},"content":{"rendered":"<p>Tr\u00e8s beau niveau de collection<\/p>\n<p>&nbsp;<\/p>\n<p><strong>NATURE, grenats d'almandine - m\u00e9lanite non pr\u00e9par\u00e9s, \u00e0 ar\u00eates vives, sur matrice FELDSPAT.<\/strong><\/p>\n<p>&nbsp;<\/p>\n<p>De<strong> BETROKKE - Madagascar - relativement rare \u00e0 voir.<\/strong><\/p>\n<p><strong>Dimensions : 13 x 10 x 5 cm<\/strong><\/p>\n<p>poids : 675 g<\/p>","protected":false},"excerpt":{"rendered":"<p>Tr\u00e8s beau niveau de collectionneur NATURE, grenat almandin - m\u00e9lanite non pr\u00e9par\u00e9, \u00e0 ar\u00eates vives, sur matrice FELDSPAT.   En provenance de BETROKKE - Madagascar - relativement rare \u00e0 voir. Dimensions : 13 x 10 x 5 cm Poids : 675 g<\/p>","protected":false},"featured_media":6830,"template":"","meta":{"_acf_changed":false},"region":[62],"product_brand":[],"product_cat":[19],"product_tag":[],"class_list":{"0":"post-6829","1":"product","2":"type-product","3":"status-publish","4":"has-post-thumbnail","6":"region-afrika","7":"product_cat-kristallstufen","9":"first","10":"instock","11":"sold-individually","12":"purchasable","13":"product-type-simple"},"acf":[],"_links":{"self":[{"href":"https:\/\/westgem.shop\/fr\/wp-json\/wp\/v2\/product\/6829","targetHints":{"allow":["GET"]}}],"collection":[{"href":"https:\/\/westgem.shop\/fr\/wp-json\/wp\/v2\/product"}],"about":[{"href":"https:\/\/westgem.shop\/fr\/wp-json\/wp\/v2\/types\/product"}],"wp:featuredmedia":[{"embeddable":true,"href":"https:\/\/westgem.shop\/fr\/wp-json\/wp\/v2\/media\/6830"}],"wp:attachment":[{"href":"https:\/\/westgem.shop\/fr\/wp-json\/wp\/v2\/media?parent=6829"}],"wp:term":[{"taxonomy":"region","embeddable":true,"href":"https:\/\/westgem.shop\/fr\/wp-json\/wp\/v2\/region?post=6829"},{"taxonomy":"product_brand","embeddable":true,"href":"https:\/\/westgem.shop\/fr\/wp-json\/wp\/v2\/product_brand?post=6829"},{"taxonomy":"product_cat","embeddable":true,"href":"https:\/\/westgem.shop\/fr\/wp-json\/wp\/v2\/product_cat?post=6829"},{"taxonomy":"product_tag","embeddable":true,"href":"https:\/\/westgem.shop\/fr\/wp-json\/wp\/v2\/product_tag?post=6829"}],"curies":[{"name":"wp","href":"https:\/\/api.w.org\/{rel}","templated":true}]}}