{"id":6833,"date":"2021-12-30T00:00:00","date_gmt":"2021-12-30T00:00:00","guid":{"rendered":"https:\/\/miners.rocks\/product\/chalcedon-xx\/"},"modified":"2022-06-11T19:00:10","modified_gmt":"2022-06-11T19:00:10","slug":"calcedoine-bleu-tourterelle-xx-4","status":"publish","type":"product","link":"https:\/\/westgem.shop\/fr\/produit\/calcedoine-bleu-tourterelle-xx-4\/","title":{"rendered":"CHALCEDON bleu xx"},"content":{"rendered":"<p><b>Sinon, on voit plut\u00f4t des petits morceaux de ce min\u00e9ral.<\/b><\/p>\n<p>Bleu CHALCEDON xx - COULEUR NATURELLE - BLUE LACE<\/p>\n<p>Formation de quartz en grappe avec d'innombrables cristaux monocristallins clairs et brillants en surface.<\/p>\n<p>CHIKWAWA - MALAWI - Afrique<\/p>\n<p>Dimensions : 21 x 15 x12 cm Poids : 2,90 kilogrammes<\/p>","protected":false},"excerpt":{"rendered":"<p>Sinon, on voit plut\u00f4t de petites pi\u00e8ces de ce min\u00e9ral. CHALCEDON xx bleu - COULEUR NATURELLE - BLUE LACE Formation de quartz en grappes avec d'innombrables cristaux monocristallins clairs et brillants en surface CHIKWAWA - MALAWI - Afrique Dimensions : 21 x 15 x12 cm Poids : 2,90 kilogrammes<\/p>","protected":false},"featured_media":6834,"template":"","meta":{"_acf_changed":false},"region":[62],"product_brand":[],"product_cat":[19],"product_tag":[],"class_list":{"0":"post-6833","1":"product","2":"type-product","3":"status-publish","4":"has-post-thumbnail","6":"region-afrika","7":"product_cat-kristallstufen","9":"first","10":"instock","11":"sold-individually","12":"purchasable","13":"product-type-simple"},"acf":[],"_links":{"self":[{"href":"https:\/\/westgem.shop\/fr\/wp-json\/wp\/v2\/product\/6833","targetHints":{"allow":["GET"]}}],"collection":[{"href":"https:\/\/westgem.shop\/fr\/wp-json\/wp\/v2\/product"}],"about":[{"href":"https:\/\/westgem.shop\/fr\/wp-json\/wp\/v2\/types\/product"}],"wp:featuredmedia":[{"embeddable":true,"href":"https:\/\/westgem.shop\/fr\/wp-json\/wp\/v2\/media\/6834"}],"wp:attachment":[{"href":"https:\/\/westgem.shop\/fr\/wp-json\/wp\/v2\/media?parent=6833"}],"wp:term":[{"taxonomy":"region","embeddable":true,"href":"https:\/\/westgem.shop\/fr\/wp-json\/wp\/v2\/region?post=6833"},{"taxonomy":"product_brand","embeddable":true,"href":"https:\/\/westgem.shop\/fr\/wp-json\/wp\/v2\/product_brand?post=6833"},{"taxonomy":"product_cat","embeddable":true,"href":"https:\/\/westgem.shop\/fr\/wp-json\/wp\/v2\/product_cat?post=6833"},{"taxonomy":"product_tag","embeddable":true,"href":"https:\/\/westgem.shop\/fr\/wp-json\/wp\/v2\/product_tag?post=6833"}],"curies":[{"name":"wp","href":"https:\/\/api.w.org\/{rel}","templated":true}]}}