{"id":6838,"date":"2021-06-08T00:00:00","date_gmt":"2021-06-08T00:00:00","guid":{"rendered":"https:\/\/miners.rocks\/product\/chrysokoll-malachit-2\/"},"modified":"2021-09-25T07:39:56","modified_gmt":"2021-09-25T07:39:56","slug":"chrysocolle-malachite-2","status":"publish","type":"product","link":"https:\/\/westgem.shop\/fr\/produit\/chrysocolle-malachite-2\/","title":{"rendered":"CHRYSOCOL - Malachite"},"content":{"rendered":"<p>TOP pi\u00e8ce<\/p>\n<p><strong>CHRYSOCOLL en grappe sur malachite vert v\u00e9n\u00e9neux<\/strong><\/p>\n<p>sur la face arri\u00e8re des marches, une cavit\u00e9 avec un magnifique CHRYSOCOLL bleu clair et de la malachite<\/p>\n<p>SUPER niveau - SUPER prix.<\/p>\n<p>KULUKULUKU - CONGO - Afrique<\/p>\n<p>Dimensions :<strong> 13 x 10 x 9 cm<\/strong><\/p>\n<p>poids : 530 g<\/p>","protected":false},"excerpt":{"rendered":"<p>TOP pi\u00e8ce de CHRYSOKOLL en grappe sur malachite vert v\u00e9n\u00e9neux sur les marches arri\u00e8re une cavit\u00e9 avec magnifique CHRYSOKOLL bleu clair et malachite SUPER marche - SUPER prix. KULUKULUKU - CONGO - Afrique Dimensions : 13 x 10 x 9 cm Poids : 530 g<\/p>","protected":false},"featured_media":6839,"template":"","meta":{"_acf_changed":false},"region":[62],"product_brand":[],"product_cat":[19],"product_tag":[],"class_list":{"0":"post-6838","1":"product","2":"type-product","3":"status-publish","4":"has-post-thumbnail","6":"region-afrika","7":"product_cat-kristallstufen","9":"first","10":"instock","11":"sold-individually","12":"purchasable","13":"product-type-simple"},"acf":[],"_links":{"self":[{"href":"https:\/\/westgem.shop\/fr\/wp-json\/wp\/v2\/product\/6838","targetHints":{"allow":["GET"]}}],"collection":[{"href":"https:\/\/westgem.shop\/fr\/wp-json\/wp\/v2\/product"}],"about":[{"href":"https:\/\/westgem.shop\/fr\/wp-json\/wp\/v2\/types\/product"}],"wp:featuredmedia":[{"embeddable":true,"href":"https:\/\/westgem.shop\/fr\/wp-json\/wp\/v2\/media\/6839"}],"wp:attachment":[{"href":"https:\/\/westgem.shop\/fr\/wp-json\/wp\/v2\/media?parent=6838"}],"wp:term":[{"taxonomy":"region","embeddable":true,"href":"https:\/\/westgem.shop\/fr\/wp-json\/wp\/v2\/region?post=6838"},{"taxonomy":"product_brand","embeddable":true,"href":"https:\/\/westgem.shop\/fr\/wp-json\/wp\/v2\/product_brand?post=6838"},{"taxonomy":"product_cat","embeddable":true,"href":"https:\/\/westgem.shop\/fr\/wp-json\/wp\/v2\/product_cat?post=6838"},{"taxonomy":"product_tag","embeddable":true,"href":"https:\/\/westgem.shop\/fr\/wp-json\/wp\/v2\/product_tag?post=6838"}],"curies":[{"name":"wp","href":"https:\/\/api.w.org\/{rel}","templated":true}]}}