{"id":684,"date":"2000-04-08T00:00:00","date_gmt":"2000-04-08T00:00:00","guid":{"rendered":"https:\/\/miners.rocks\/product\/152\/"},"modified":"2020-05-19T16:55:56","modified_gmt":"2020-05-19T16:55:56","slug":"cerussit-xx-wulfenit-xx-galenit-xx-bleiberg","status":"publish","type":"product","link":"https:\/\/westgem.shop\/fr\/produit\/cerussit-xx-wulfenit-xx-galenit-xx-bleiberg\/","title":{"rendered":"CERUSSIT xx- WULFENIT xx-GALENIT xx BLEIBERG"},"content":{"rendered":"<p>Ces trois min\u00e9raux sont en fait typiques de Bleiberg.<\/p>\n<p>CERUSSIT = BLEU BLANC , WULFENIT = BLEU JAUNE et<\/p>\n<p>GAL\u00c8NE = PLOMB<\/p>\n<p>CERUSIT xx sont les cristaux blancs au centre. WULFENIT xx est brun-jaune.<\/p>\n<p>Les min\u00e9raux qui ont \u00e9galement \u00e9t\u00e9 trouv\u00e9s plus fr\u00e9quemment au cours des 700 ans d'activit\u00e9 mini\u00e8re sont BARYT , CALCIT , SPHALERIT , CHALCOPYRIT .......<\/p>\n<p>Poids : 1.008 grammes ( plus de 1 kilogramme - BLEIMATRIX ! )<\/p>\n<p>Dimensions : 13 x 7 x 7 cm<\/p>","protected":false},"excerpt":{"rendered":"<p>Ces trois min\u00e9raux sont en fait typiques de Bleiberg. CERUSSIT = BLEU BLANC , WULFENIT = BLEU JAUNE et GALENIT = BLEIGLANZ CERUSIT xx sont les cristaux blancs au centre. WULFENIT xx est brun-jaune. Les min\u00e9raux qui ont \u00e9galement \u00e9t\u00e9 trouv\u00e9s plus fr\u00e9quemment au cours des 700 ans d'activit\u00e9 mini\u00e8re sont BARYT , CALCIT , SPHALERIT , CHALCOPYRIT ....... [...]<\/p>","protected":false},"featured_media":685,"template":"","meta":{"_acf_changed":false},"region":[],"product_brand":[],"product_cat":[15],"product_tag":[],"class_list":{"0":"post-684","1":"product","2":"type-product","3":"status-publish","4":"has-post-thumbnail","6":"product_cat-mineralien","8":"first","9":"outofstock","10":"sold-individually","11":"product-type-simple"},"acf":[],"_links":{"self":[{"href":"https:\/\/westgem.shop\/fr\/wp-json\/wp\/v2\/product\/684","targetHints":{"allow":["GET"]}}],"collection":[{"href":"https:\/\/westgem.shop\/fr\/wp-json\/wp\/v2\/product"}],"about":[{"href":"https:\/\/westgem.shop\/fr\/wp-json\/wp\/v2\/types\/product"}],"wp:featuredmedia":[{"embeddable":true,"href":"https:\/\/westgem.shop\/fr\/wp-json\/wp\/v2\/media\/685"}],"wp:attachment":[{"href":"https:\/\/westgem.shop\/fr\/wp-json\/wp\/v2\/media?parent=684"}],"wp:term":[{"taxonomy":"region","embeddable":true,"href":"https:\/\/westgem.shop\/fr\/wp-json\/wp\/v2\/region?post=684"},{"taxonomy":"product_brand","embeddable":true,"href":"https:\/\/westgem.shop\/fr\/wp-json\/wp\/v2\/product_brand?post=684"},{"taxonomy":"product_cat","embeddable":true,"href":"https:\/\/westgem.shop\/fr\/wp-json\/wp\/v2\/product_cat?post=684"},{"taxonomy":"product_tag","embeddable":true,"href":"https:\/\/westgem.shop\/fr\/wp-json\/wp\/v2\/product_tag?post=684"}],"curies":[{"name":"wp","href":"https:\/\/api.w.org\/{rel}","templated":true}]}}