{"id":6844,"date":"2003-06-09T00:00:00","date_gmt":"2003-06-09T00:00:00","guid":{"rendered":"https:\/\/miners.rocks\/product\/roter-turmalin-xx-2\/"},"modified":"2021-09-22T22:47:58","modified_gmt":"2021-09-22T22:47:58","slug":"tourmaline-rouge-xx-in_quartz","status":"publish","type":"product","link":"https:\/\/westgem.shop\/fr\/produit\/tourmaline-rouge-xx-in_quartz\/","title":{"rendered":"TURMALINE rouge xx en quartz"},"content":{"rendered":"<p>TURMALINE rouge xx Var. RUBELLITE dans quartz roche m\u00e8re<\/p>\n<p>Les agr\u00e9gats de cristaux TURMALIN ne sont bien s\u00fbr pas Gemmy, mais ils forment un niveau extr\u00eamement attrayant gr\u00e2ce au contraste des couleurs.<\/p>\n<p>Ce mat\u00e9riel n'est gu\u00e8re visible en Europe.<\/p>\n<p>Le lieu de la d\u00e9couverte est KARIBIB - NAMIBIA - Afrique<\/p>\n<p>Dimensions : 12 x 9 x 8 cm Poids : 733 g<\/p>","protected":false},"excerpt":{"rendered":"<p>TURMALINE rouge xx Var. RUBELLITE dans une roche m\u00e8re de quartz Les agr\u00e9gats de cristaux de TURMALINE ne sont bien s\u00fbr pas Gemmy, mais ils forment un niveau extr\u00eamement attrayant gr\u00e2ce au contraste de couleurs. Ce mat\u00e9riau n'est gu\u00e8re visible en Europe. Lieu de d\u00e9couverte : KARIBIB - NAMIBIA - Afrique Dimensions : 12 x 9 x 8 cm Poids : 733 g<\/p>","protected":false},"featured_media":6845,"template":"","meta":{"_acf_changed":false},"region":[],"product_brand":[],"product_cat":[19],"product_tag":[],"class_list":{"0":"post-6844","1":"product","2":"type-product","3":"status-publish","4":"has-post-thumbnail","6":"product_cat-kristallstufen","8":"first","9":"outofstock","10":"sold-individually","11":"purchasable","12":"product-type-simple"},"acf":[],"_links":{"self":[{"href":"https:\/\/westgem.shop\/fr\/wp-json\/wp\/v2\/product\/6844","targetHints":{"allow":["GET"]}}],"collection":[{"href":"https:\/\/westgem.shop\/fr\/wp-json\/wp\/v2\/product"}],"about":[{"href":"https:\/\/westgem.shop\/fr\/wp-json\/wp\/v2\/types\/product"}],"wp:featuredmedia":[{"embeddable":true,"href":"https:\/\/westgem.shop\/fr\/wp-json\/wp\/v2\/media\/6845"}],"wp:attachment":[{"href":"https:\/\/westgem.shop\/fr\/wp-json\/wp\/v2\/media?parent=6844"}],"wp:term":[{"taxonomy":"region","embeddable":true,"href":"https:\/\/westgem.shop\/fr\/wp-json\/wp\/v2\/region?post=6844"},{"taxonomy":"product_brand","embeddable":true,"href":"https:\/\/westgem.shop\/fr\/wp-json\/wp\/v2\/product_brand?post=6844"},{"taxonomy":"product_cat","embeddable":true,"href":"https:\/\/westgem.shop\/fr\/wp-json\/wp\/v2\/product_cat?post=6844"},{"taxonomy":"product_tag","embeddable":true,"href":"https:\/\/westgem.shop\/fr\/wp-json\/wp\/v2\/product_tag?post=6844"}],"curies":[{"name":"wp","href":"https:\/\/api.w.org\/{rel}","templated":true}]}}