{"id":6853,"date":"2021-09-11T00:00:00","date_gmt":"2021-09-11T00:00:00","guid":{"rendered":"https:\/\/miners.rocks\/product\/tangerine-quarz-xx-2\/"},"modified":"2021-12-05T17:53:27","modified_gmt":"2021-12-05T17:53:27","slug":"quartz-mandarine-xx-2","status":"publish","type":"product","link":"https:\/\/westgem.shop\/fr\/produit\/quartz-mandarine-xx-2\/","title":{"rendered":"Tangerine Cristal de roche xx"},"content":{"rendered":"<p>Belle<strong> TANGERINE Quartz<\/strong> Marche.<\/p>\n<p>Quartz \"MANDARINE\" de couleur rouge-orange, \u00e9galement appel\u00e9 \"quartz sanguin\".<\/p>\n<p><strong>En principe, ce sont des CRISTALES DE MONTAGNE pyramidales, transparentes, recouvertes en surface d'OXYDES DE FER rouges - H\u00c9MATITE et GOETHITE.<\/strong><\/p>\n<p>Ces vari\u00e9t\u00e9s de quartz attrayantes se trouvent dans les r\u00e9gions suivantes<\/p>\n<p><strong>LWENA - Peau - Katanga CONGO - Afrique<\/strong><\/p>\n<p>Dimensions : 12 x 8 x 3 cm<\/p>\n<p>poids : 450 g<\/p>","protected":false},"excerpt":{"rendered":"<p>Belle marche de quartz TANGERINE. Quartz \"MANDARINE\" de couleur rouge-orange, \u00e9galement appel\u00e9 \"quartz sanguin\". En principe, ce sont des CRISTALES DE MONTAGNE pyramidaux, clairement transparents, recouverts en surface d'OXYDES DE FER rouges - H\u00c9MATITE et GOETHITE Le lieu de d\u00e9couverte de ces vari\u00e9t\u00e9s de quartz attrayantes est LWENA - Haut - Katanga CONGO - Afrique Dimensions : 12 x 8 x 3 cm Poids : 450 g<\/p>","protected":false},"featured_media":6854,"template":"","meta":{"_acf_changed":false},"region":[],"product_brand":[],"product_cat":[19],"product_tag":[],"class_list":{"0":"post-6853","1":"product","2":"type-product","3":"status-publish","4":"has-post-thumbnail","6":"product_cat-kristallstufen","8":"first","9":"outofstock","10":"sold-individually","11":"purchasable","12":"product-type-simple"},"acf":[],"_links":{"self":[{"href":"https:\/\/westgem.shop\/fr\/wp-json\/wp\/v2\/product\/6853","targetHints":{"allow":["GET"]}}],"collection":[{"href":"https:\/\/westgem.shop\/fr\/wp-json\/wp\/v2\/product"}],"about":[{"href":"https:\/\/westgem.shop\/fr\/wp-json\/wp\/v2\/types\/product"}],"wp:featuredmedia":[{"embeddable":true,"href":"https:\/\/westgem.shop\/fr\/wp-json\/wp\/v2\/media\/6854"}],"wp:attachment":[{"href":"https:\/\/westgem.shop\/fr\/wp-json\/wp\/v2\/media?parent=6853"}],"wp:term":[{"taxonomy":"region","embeddable":true,"href":"https:\/\/westgem.shop\/fr\/wp-json\/wp\/v2\/region?post=6853"},{"taxonomy":"product_brand","embeddable":true,"href":"https:\/\/westgem.shop\/fr\/wp-json\/wp\/v2\/product_brand?post=6853"},{"taxonomy":"product_cat","embeddable":true,"href":"https:\/\/westgem.shop\/fr\/wp-json\/wp\/v2\/product_cat?post=6853"},{"taxonomy":"product_tag","embeddable":true,"href":"https:\/\/westgem.shop\/fr\/wp-json\/wp\/v2\/product_tag?post=6853"}],"curies":[{"name":"wp","href":"https:\/\/api.w.org\/{rel}","templated":true}]}}