{"id":6857,"date":"2021-10-10T00:00:00","date_gmt":"2021-10-10T00:00:00","guid":{"rendered":"https:\/\/miners.rocks\/product\/1a-prehnitxx-stufe\/"},"modified":"2022-01-29T07:41:44","modified_gmt":"2022-01-29T07:41:44","slug":"1a-niveau-prehnitxx","status":"publish","type":"product","link":"https:\/\/westgem.shop\/fr\/produit\/1a-niveau-prehnitxx\/","title":{"rendered":"Jaune Vert PREHNIT xx Namibie"},"content":{"rendered":"<p><strong>\u00a0SUPER niveau - rarement vu en Europe. !<\/strong><\/p>\n<p>&nbsp;<\/p>\n<p><strong>Cristaux sph\u00e9riques jaunes et verts de PREHNIT,<\/strong> quartz blanc comme neige xx et calcite xx<\/p>\n<p>sur du BASALT sombre et volcanique<\/p>\n<p><strong>Le min\u00e9ral PREHNIT appartient \u00e0 la classe des<\/strong><\/p>\n<p><strong>les silicates et les germanates.<\/strong><\/p>\n<p>C\u00e9l\u00e8bre site : <strong>TABLEAUX - Goboboseb Mauntain - NAMIBIE - Afrique<\/strong><\/p>\n<p>Dimensions : <strong>18 x 11 x 19 cm<\/strong><\/p>\n<p><strong>poids : 2,3 kilogrammes<\/strong><\/p>","protected":false},"excerpt":{"rendered":"<p>\u00a0SUPER niveau - rarement vu en Europe. !   Cristaux sph\u00e9riques jaunes et verts de PREHNIT, quartz blanc xx et calcite xx sur BASALT volcanique sombre Le min\u00e9ral PREHNIT est class\u00e9 dans la classe des silicates et germanates. Lieu de d\u00e9couverte c\u00e9l\u00e8bre : TAFELKOP - Goboboseb Mauntain - NAMIBIA - Afrique Dimensions : 18 x 11 [...]<\/p>","protected":false},"featured_media":12155,"template":"","meta":{"_acf_changed":false},"region":[62],"product_brand":[],"product_cat":[19],"product_tag":[],"class_list":{"0":"post-6857","1":"product","2":"type-product","3":"status-publish","4":"has-post-thumbnail","6":"region-afrika","7":"product_cat-kristallstufen","9":"first","10":"instock","11":"sold-individually","12":"purchasable","13":"product-type-simple"},"acf":[],"_links":{"self":[{"href":"https:\/\/westgem.shop\/fr\/wp-json\/wp\/v2\/product\/6857","targetHints":{"allow":["GET"]}}],"collection":[{"href":"https:\/\/westgem.shop\/fr\/wp-json\/wp\/v2\/product"}],"about":[{"href":"https:\/\/westgem.shop\/fr\/wp-json\/wp\/v2\/types\/product"}],"wp:featuredmedia":[{"embeddable":true,"href":"https:\/\/westgem.shop\/fr\/wp-json\/wp\/v2\/media\/12155"}],"wp:attachment":[{"href":"https:\/\/westgem.shop\/fr\/wp-json\/wp\/v2\/media?parent=6857"}],"wp:term":[{"taxonomy":"region","embeddable":true,"href":"https:\/\/westgem.shop\/fr\/wp-json\/wp\/v2\/region?post=6857"},{"taxonomy":"product_brand","embeddable":true,"href":"https:\/\/westgem.shop\/fr\/wp-json\/wp\/v2\/product_brand?post=6857"},{"taxonomy":"product_cat","embeddable":true,"href":"https:\/\/westgem.shop\/fr\/wp-json\/wp\/v2\/product_cat?post=6857"},{"taxonomy":"product_tag","embeddable":true,"href":"https:\/\/westgem.shop\/fr\/wp-json\/wp\/v2\/product_tag?post=6857"}],"curies":[{"name":"wp","href":"https:\/\/api.w.org\/{rel}","templated":true}]}}