{"id":6868,"date":"2003-06-14T00:00:00","date_gmt":"2003-06-14T00:00:00","guid":{"rendered":"https:\/\/miners.rocks\/product\/taubenblauer-chalcedon-xx-3\/"},"modified":"2021-01-30T12:29:23","modified_gmt":"2021-01-30T12:29:23","slug":"calcedoine-bleu-tourterelle-xx-3","status":"publish","type":"product","link":"https:\/\/westgem.shop\/fr\/produit\/calcedoine-bleu-tourterelle-xx-3\/","title":{"rendered":"CHALZEDON bleu pigeon xx"},"content":{"rendered":"<p>Superbe et grand BLUE LACE CHALCEDON<\/p>\n<p>Formations de quartz en grappes avec des monocristaux en surface, tr\u00e8s brillants xx<\/p>\n<p>Couleurs naturelles CHALCEDON d'un beau bleu.<\/p>\n<p>Le site est la r\u00e9gion de CHIKWAWA \u00e0 MALAWI - Afreika<\/p>\n<p>Dimensions : 20 x 10 x 8 cm Poids : 1,3 kilogramme<\/p>","protected":false},"excerpt":{"rendered":"<p>Superbe et grand BLUE LACE CHALCEDON Formations de quartz en grappes avec des monocristaux en surface, des xx tr\u00e8s brillants Joliment bleu CHALCEDON couleurs naturelles. Trouv\u00e9 dans la r\u00e9gion de CHIKWAWA \u00e0 MALAWI - Afreika Dimensions : 20 x 10 x 8 cm Poids : 1,3 kilogrammes<\/p>","protected":false},"featured_media":6869,"template":"","meta":{"_acf_changed":false},"region":[62],"product_brand":[],"product_cat":[19],"product_tag":[],"class_list":{"0":"post-6868","1":"product","2":"type-product","3":"status-publish","4":"has-post-thumbnail","6":"region-afrika","7":"product_cat-kristallstufen","9":"first","10":"outofstock","11":"sold-individually","12":"product-type-simple"},"acf":[],"_links":{"self":[{"href":"https:\/\/westgem.shop\/fr\/wp-json\/wp\/v2\/product\/6868","targetHints":{"allow":["GET"]}}],"collection":[{"href":"https:\/\/westgem.shop\/fr\/wp-json\/wp\/v2\/product"}],"about":[{"href":"https:\/\/westgem.shop\/fr\/wp-json\/wp\/v2\/types\/product"}],"wp:featuredmedia":[{"embeddable":true,"href":"https:\/\/westgem.shop\/fr\/wp-json\/wp\/v2\/media\/6869"}],"wp:attachment":[{"href":"https:\/\/westgem.shop\/fr\/wp-json\/wp\/v2\/media?parent=6868"}],"wp:term":[{"taxonomy":"region","embeddable":true,"href":"https:\/\/westgem.shop\/fr\/wp-json\/wp\/v2\/region?post=6868"},{"taxonomy":"product_brand","embeddable":true,"href":"https:\/\/westgem.shop\/fr\/wp-json\/wp\/v2\/product_brand?post=6868"},{"taxonomy":"product_cat","embeddable":true,"href":"https:\/\/westgem.shop\/fr\/wp-json\/wp\/v2\/product_cat?post=6868"},{"taxonomy":"product_tag","embeddable":true,"href":"https:\/\/westgem.shop\/fr\/wp-json\/wp\/v2\/product_tag?post=6868"}],"curies":[{"name":"wp","href":"https:\/\/api.w.org\/{rel}","templated":true}]}}