{"id":6874,"date":"2021-09-15T00:00:00","date_gmt":"2021-09-15T00:00:00","guid":{"rendered":"https:\/\/miners.rocks\/product\/versteinertes-holz-spezial\/"},"modified":"2021-09-25T07:27:29","modified_gmt":"2021-09-25T07:27:29","slug":"bois-petrifie-special","status":"publish","type":"product","link":"https:\/\/westgem.shop\/fr\/produit\/bois-petrifie-special\/","title":{"rendered":"BOIS p\u00e9trifi\u00e9 Sp\u00e9cial"},"content":{"rendered":"<p>Bois de conif\u00e8res p\u00e9trifi\u00e9 sp\u00e9cial<\/p>\n<p><strong>ARAUCARIE qui, il y a environ 230 millions d'ann\u00e9es<\/strong> - Les plantes qui se sont d\u00e9velopp\u00e9es dans cette r\u00e9gion au cours de l'\u00e8re g\u00e9ologique TRIAS sont des plantes qui se sont d\u00e9velopp\u00e9es au cours de l'\u00e8re g\u00e9ologique TRIAS.<\/p>\n<p><strong>La couleur noire\/brune est frappante, avec des cernes annuels bien visibles.<\/strong><\/p>\n<p><strong>\u00c9corce d'arbre pr\u00e9serv\u00e9e sur tout le pourtour - top polie des deux c\u00f4t\u00e9s.<\/strong><\/p>\n<p>Cavit\u00e9 naturelle contenant de minuscules cristaux de quartz scintillants<\/p>\n<p><strong>Les troncs ont \u00e9t\u00e9 d\u00e9couverts dans la for\u00eat p\u00e9trifi\u00e9e de Gokwe, dans la province du Midland.<\/strong><\/p>\n<p><strong>ZIMBABWE (ancienne RHOD\u00c9SIE) en Afrique australe<\/strong><\/p>\n<p>Dimensions : 17 x 12 x 3 cm<\/p>\n<p>poids : <strong>1,1 kilogramme<\/strong><\/p>\n<p>&nbsp;<\/p>","protected":false},"excerpt":{"rendered":"<p>Bois de conif\u00e8res fossilis\u00e9 sp\u00e9cial ARAUCARIES, qui a pouss\u00e9 dans cette r\u00e9gion il y a environ 230 millions d'ann\u00e9es - \u00e8re g\u00e9ologique TRIAS. La couleur noire\/brune est frappante, avec des cernes annuels bien visibles. \u00c9corce pr\u00e9serv\u00e9e sur tout le pourtour - polie des deux c\u00f4t\u00e9s. Cavit\u00e9 naturelle avec de minuscules cristaux de quartz scintillants Les troncs ont \u00e9t\u00e9 trouv\u00e9s dans la for\u00eat p\u00e9trifi\u00e9e de Gokwe, dans la province de ZIMBABWE (anciennement [...]).<\/p>","protected":false},"featured_media":6875,"template":"","meta":{"_acf_changed":false},"region":[],"product_brand":[],"product_cat":[17],"product_tag":[],"class_list":{"0":"post-6874","1":"product","2":"type-product","3":"status-publish","4":"has-post-thumbnail","6":"product_cat-fosilien","8":"first","9":"outofstock","10":"sold-individually","11":"purchasable","12":"product-type-simple"},"acf":[],"_links":{"self":[{"href":"https:\/\/westgem.shop\/fr\/wp-json\/wp\/v2\/product\/6874","targetHints":{"allow":["GET"]}}],"collection":[{"href":"https:\/\/westgem.shop\/fr\/wp-json\/wp\/v2\/product"}],"about":[{"href":"https:\/\/westgem.shop\/fr\/wp-json\/wp\/v2\/types\/product"}],"wp:featuredmedia":[{"embeddable":true,"href":"https:\/\/westgem.shop\/fr\/wp-json\/wp\/v2\/media\/6875"}],"wp:attachment":[{"href":"https:\/\/westgem.shop\/fr\/wp-json\/wp\/v2\/media?parent=6874"}],"wp:term":[{"taxonomy":"region","embeddable":true,"href":"https:\/\/westgem.shop\/fr\/wp-json\/wp\/v2\/region?post=6874"},{"taxonomy":"product_brand","embeddable":true,"href":"https:\/\/westgem.shop\/fr\/wp-json\/wp\/v2\/product_brand?post=6874"},{"taxonomy":"product_cat","embeddable":true,"href":"https:\/\/westgem.shop\/fr\/wp-json\/wp\/v2\/product_cat?post=6874"},{"taxonomy":"product_tag","embeddable":true,"href":"https:\/\/westgem.shop\/fr\/wp-json\/wp\/v2\/product_tag?post=6874"}],"curies":[{"name":"wp","href":"https:\/\/api.w.org\/{rel}","templated":true}]}}