{"id":6878,"date":"2021-09-16T00:00:00","date_gmt":"2021-09-16T00:00:00","guid":{"rendered":"https:\/\/miners.rocks\/product\/chrysokoll\/"},"modified":"2021-09-25T07:25:11","modified_gmt":"2021-09-25T07:25:11","slug":"chrysocolle","status":"publish","type":"product","link":"https:\/\/westgem.shop\/fr\/produit\/chrysocolle\/","title":{"rendered":"CHRYSOKOLL"},"content":{"rendered":"<p><strong>CHRYSOKOLL de tr\u00e8s belle couleur,<\/strong><\/p>\n<p>se trouve principalement dans les gisements de CUPPER<\/p>\n<p><strong>CHRYSOKOLL \u00e9galement CUIVRE DE PIERRE<\/strong> se cristallise souvent sous forme d'agr\u00e9gats sessiles.<\/p>\n<p>Les pi\u00e8ces TOP proviennent principalement des gisements de cuivre du Congo.<\/p>\n<p>localisation de la trouvaille : KULUKULUKU - Congo - Afrique<\/p>\n<p>Dimensions : 13 x 12 x 6 cm<\/p>\n<p>poids : 530 g<\/p>","protected":false},"excerpt":{"rendered":"<p>CHRYSOKOLL de tr\u00e8s belle couleur, se trouve principalement dans les gisements de CUIVRE Le CHRYSOKOLL, \u00e9galement appel\u00e9 CUIVRE BILLIER, se cristallise souvent sous forme d'agr\u00e9gats sessiles TOP Les pi\u00e8ces proviennent principalement des gisements de cuivre du Congo. Lieu de d\u00e9couverte : KULUKULUKU - Congo - Afrique Dimensions : 13 x 12 x 6 cm Poids : 530 g<\/p>","protected":false},"featured_media":6879,"template":"","meta":{"_acf_changed":false},"region":[62],"product_brand":[],"product_cat":[19],"product_tag":[],"class_list":{"0":"post-6878","1":"product","2":"type-product","3":"status-publish","4":"has-post-thumbnail","6":"region-afrika","7":"product_cat-kristallstufen","9":"first","10":"instock","11":"sold-individually","12":"purchasable","13":"product-type-simple"},"acf":[],"_links":{"self":[{"href":"https:\/\/westgem.shop\/fr\/wp-json\/wp\/v2\/product\/6878","targetHints":{"allow":["GET"]}}],"collection":[{"href":"https:\/\/westgem.shop\/fr\/wp-json\/wp\/v2\/product"}],"about":[{"href":"https:\/\/westgem.shop\/fr\/wp-json\/wp\/v2\/types\/product"}],"wp:featuredmedia":[{"embeddable":true,"href":"https:\/\/westgem.shop\/fr\/wp-json\/wp\/v2\/media\/6879"}],"wp:attachment":[{"href":"https:\/\/westgem.shop\/fr\/wp-json\/wp\/v2\/media?parent=6878"}],"wp:term":[{"taxonomy":"region","embeddable":true,"href":"https:\/\/westgem.shop\/fr\/wp-json\/wp\/v2\/region?post=6878"},{"taxonomy":"product_brand","embeddable":true,"href":"https:\/\/westgem.shop\/fr\/wp-json\/wp\/v2\/product_brand?post=6878"},{"taxonomy":"product_cat","embeddable":true,"href":"https:\/\/westgem.shop\/fr\/wp-json\/wp\/v2\/product_cat?post=6878"},{"taxonomy":"product_tag","embeddable":true,"href":"https:\/\/westgem.shop\/fr\/wp-json\/wp\/v2\/product_tag?post=6878"}],"curies":[{"name":"wp","href":"https:\/\/api.w.org\/{rel}","templated":true}]}}