{"id":688,"date":"2000-04-09T00:00:00","date_gmt":"2000-04-09T00:00:00","guid":{"rendered":"https:\/\/miners.rocks\/product\/153\/"},"modified":"2020-05-19T16:55:56","modified_gmt":"2020-05-19T16:55:56","slug":"wavellit-xx","status":"publish","type":"product","link":"https:\/\/westgem.shop\/fr\/produit\/wavellit-xx\/","title":{"rendered":"WAVELLIT xx"},"content":{"rendered":"<p>Min\u00e9ral d'aluminium, de fluor et de phosphate avec une forme cristalline sph\u00e9rique, qui pr\u00e9sente ensuite une forme cristalline en forme de soleil, \u00e0 rayons radiaux, lorsque les indices sont bris\u00e9s.<\/p>\n<p>Les cristaux reposent sur une matrice de schiste siliceux.<\/p>\n<p>Le site est une mine \u00e0 ciel ouvert de schiste siliceux en Thuringe - Allemagne<\/p>\n<p>Poids : 541 g Dimensions : 13 x 7 x 6 cm<\/p>","protected":false},"excerpt":{"rendered":"<p>Min\u00e9ral d'aluminium, de fluor et de phosphate avec une forme cristalline sph\u00e9rique, qui pr\u00e9sente ensuite une forme cristalline en forme de soleil, \u00e0 rayons radiaux, lorsque les indices sont bris\u00e9s. Les cristaux reposent sur une matrice de schiste siliceux. Le site de la d\u00e9couverte est une mine \u00e0 ciel ouvert de schiste siliceux en Thuringe - Allemagne Poids : 541 g Dimensions : 13 x 7 x 6 cm<\/p>","protected":false},"featured_media":689,"template":"","meta":{"_acf_changed":false},"region":[],"product_brand":[],"product_cat":[15],"product_tag":[],"class_list":{"0":"post-688","1":"product","2":"type-product","3":"status-publish","4":"has-post-thumbnail","6":"product_cat-mineralien","8":"first","9":"outofstock","10":"sold-individually","11":"product-type-simple"},"acf":[],"_links":{"self":[{"href":"https:\/\/westgem.shop\/fr\/wp-json\/wp\/v2\/product\/688","targetHints":{"allow":["GET"]}}],"collection":[{"href":"https:\/\/westgem.shop\/fr\/wp-json\/wp\/v2\/product"}],"about":[{"href":"https:\/\/westgem.shop\/fr\/wp-json\/wp\/v2\/types\/product"}],"wp:featuredmedia":[{"embeddable":true,"href":"https:\/\/westgem.shop\/fr\/wp-json\/wp\/v2\/media\/689"}],"wp:attachment":[{"href":"https:\/\/westgem.shop\/fr\/wp-json\/wp\/v2\/media?parent=688"}],"wp:term":[{"taxonomy":"region","embeddable":true,"href":"https:\/\/westgem.shop\/fr\/wp-json\/wp\/v2\/region?post=688"},{"taxonomy":"product_brand","embeddable":true,"href":"https:\/\/westgem.shop\/fr\/wp-json\/wp\/v2\/product_brand?post=688"},{"taxonomy":"product_cat","embeddable":true,"href":"https:\/\/westgem.shop\/fr\/wp-json\/wp\/v2\/product_cat?post=688"},{"taxonomy":"product_tag","embeddable":true,"href":"https:\/\/westgem.shop\/fr\/wp-json\/wp\/v2\/product_tag?post=688"}],"curies":[{"name":"wp","href":"https:\/\/api.w.org\/{rel}","templated":true}]}}