{"id":6882,"date":"2003-06-17T00:00:00","date_gmt":"2003-06-17T00:00:00","guid":{"rendered":"https:\/\/miners.rocks\/product\/aa-labradorit\/"},"modified":"2021-06-13T06:40:06","modified_gmt":"2021-06-13T06:40:06","slug":"aa-labradorite","status":"publish","type":"product","link":"https:\/\/westgem.shop\/fr\/produit\/aa-labradorite\/","title":{"rendered":"AA - LABRADORITE"},"content":{"rendered":"<p>LABRADORITE de premi\u00e8re qualit\u00e9, taill\u00e9e et polie sur tout le pourtour.<\/p>\n<p>Des couleurs d'inf\u00e9rence fascinantes, selon l'incidence de la lumi\u00e8re<\/p>\n<p>Superbe d\u00e9coration de salon.<\/p>\n<p>Le lieu de d\u00e9couverte de la mati\u00e8re premi\u00e8re est TULEAR - Madagascar<\/p>\n<p>Dimensions : 12 x 10 x 5 cm Poids : 1,2 kilogramme<\/p>","protected":false},"excerpt":{"rendered":"<p>LABRADORITE de premi\u00e8re qualit\u00e9. Taill\u00e9e et polie sur tout le pourtour Couleurs d'interf\u00e9rence fascinantes, selon l'incidence de la lumi\u00e8re Superbe d\u00e9coration pour la maison. Le lieu de d\u00e9couverte de la mati\u00e8re premi\u00e8re est TULEAR - Madagascar Dimensions : 12 x 10 x 5 cm Poids : 1,2 kilogrammes<\/p>","protected":false},"featured_media":6883,"template":"","meta":{"_acf_changed":false},"region":[],"product_brand":[],"product_cat":[18],"product_tag":[],"class_list":{"0":"post-6882","1":"product","2":"type-product","3":"status-publish","4":"has-post-thumbnail","6":"product_cat-geschliffene-einzelstucke","8":"first","9":"outofstock","10":"sold-individually","11":"product-type-simple"},"acf":[],"_links":{"self":[{"href":"https:\/\/westgem.shop\/fr\/wp-json\/wp\/v2\/product\/6882","targetHints":{"allow":["GET"]}}],"collection":[{"href":"https:\/\/westgem.shop\/fr\/wp-json\/wp\/v2\/product"}],"about":[{"href":"https:\/\/westgem.shop\/fr\/wp-json\/wp\/v2\/types\/product"}],"wp:featuredmedia":[{"embeddable":true,"href":"https:\/\/westgem.shop\/fr\/wp-json\/wp\/v2\/media\/6883"}],"wp:attachment":[{"href":"https:\/\/westgem.shop\/fr\/wp-json\/wp\/v2\/media?parent=6882"}],"wp:term":[{"taxonomy":"region","embeddable":true,"href":"https:\/\/westgem.shop\/fr\/wp-json\/wp\/v2\/region?post=6882"},{"taxonomy":"product_brand","embeddable":true,"href":"https:\/\/westgem.shop\/fr\/wp-json\/wp\/v2\/product_brand?post=6882"},{"taxonomy":"product_cat","embeddable":true,"href":"https:\/\/westgem.shop\/fr\/wp-json\/wp\/v2\/product_cat?post=6882"},{"taxonomy":"product_tag","embeddable":true,"href":"https:\/\/westgem.shop\/fr\/wp-json\/wp\/v2\/product_tag?post=6882"}],"curies":[{"name":"wp","href":"https:\/\/api.w.org\/{rel}","templated":true}]}}