{"id":6888,"date":"2003-06-18T00:00:00","date_gmt":"2003-06-18T00:00:00","guid":{"rendered":"https:\/\/miners.rocks\/product\/rote-turmaline-in-quarz\/"},"modified":"2021-09-16T16:53:50","modified_gmt":"2021-09-16T16:53:50","slug":"tourmaline-rouge-en-quartz","status":"publish","type":"product","link":"https:\/\/westgem.shop\/fr\/produit\/tourmaline-rouge-en-quartz\/","title":{"rendered":"TURMALINE rouge en quartz"},"content":{"rendered":"<p>Rarement vu.<\/p>\n<p>TURMALINE rouge, grossi\u00e8re, \u00e0 long prisme de la vari\u00e9t\u00e9 RUBELLIT dans du quartz blanc<\/p>\n<p>et mica LITHIUM violet = LEPIDOLITH<\/p>\n<p>Very funky stuff pour les collectionneurs !<\/p>\n<p>CARIBIB - NAMIBIE - Afrique<\/p>\n<p>Dimensions : 17 x 12 x 6 cm Poids : 1 kg<\/p>","protected":false},"excerpt":{"rendered":"<p>Rare \u00e0 voir. TURMALINE rouge, grossi\u00e8re, \u00e0 long prisme de la vari\u00e9t\u00e9 RUBELLITE dans du quartz blanc et du mica LITHIUM violet = LEPIDOLITH Very funky stuff for collectors ! KARIBIB - NAMIBIA - Afrique Dimensions : 17 x 12 x 6 cm Poids : 1 kg<\/p>","protected":false},"featured_media":6889,"template":"","meta":{"_acf_changed":false},"region":[],"product_brand":[],"product_cat":[19],"product_tag":[],"class_list":{"0":"post-6888","1":"product","2":"type-product","3":"status-publish","4":"has-post-thumbnail","6":"product_cat-kristallstufen","8":"first","9":"outofstock","10":"sold-individually","11":"product-type-simple"},"acf":[],"_links":{"self":[{"href":"https:\/\/westgem.shop\/fr\/wp-json\/wp\/v2\/product\/6888","targetHints":{"allow":["GET"]}}],"collection":[{"href":"https:\/\/westgem.shop\/fr\/wp-json\/wp\/v2\/product"}],"about":[{"href":"https:\/\/westgem.shop\/fr\/wp-json\/wp\/v2\/types\/product"}],"wp:featuredmedia":[{"embeddable":true,"href":"https:\/\/westgem.shop\/fr\/wp-json\/wp\/v2\/media\/6889"}],"wp:attachment":[{"href":"https:\/\/westgem.shop\/fr\/wp-json\/wp\/v2\/media?parent=6888"}],"wp:term":[{"taxonomy":"region","embeddable":true,"href":"https:\/\/westgem.shop\/fr\/wp-json\/wp\/v2\/region?post=6888"},{"taxonomy":"product_brand","embeddable":true,"href":"https:\/\/westgem.shop\/fr\/wp-json\/wp\/v2\/product_brand?post=6888"},{"taxonomy":"product_cat","embeddable":true,"href":"https:\/\/westgem.shop\/fr\/wp-json\/wp\/v2\/product_cat?post=6888"},{"taxonomy":"product_tag","embeddable":true,"href":"https:\/\/westgem.shop\/fr\/wp-json\/wp\/v2\/product_tag?post=6888"}],"curies":[{"name":"wp","href":"https:\/\/api.w.org\/{rel}","templated":true}]}}